{"id":1009,"date":"2025-08-06T15:57:24","date_gmt":"2025-08-06T13:57:24","guid":{"rendered":"https:\/\/annalysee.info\/?page_id=1009"},"modified":"2025-08-06T17:21:49","modified_gmt":"2025-08-06T15:21:49","slug":"event-organisation-space-sitting","status":"publish","type":"page","link":"https:\/\/annalysee.info\/de\/event-organisation-space-sitting\/","title":{"rendered":"event organisation &amp; Space Sitting"},"content":{"rendered":"<div data-elementor-type=\"wp-page\" data-elementor-id=\"1009\" class=\"elementor elementor-1009\">\n\t\t\t\t<div class=\"elementor-element elementor-element-1bf305f e-con-full e-flex e-con e-parent\" data-id=\"1bf305f\" data-element_type=\"container\">\n\t\t<div class=\"elementor-element elementor-element-7a2e5a7 e-con-full e-flex e-con e-child\" data-id=\"7a2e5a7\" data-element_type=\"container\">\n\t\t\t\t<div class=\"elementor-element elementor-element-eb61e11 elementor-widget elementor-widget-heading\" data-id=\"eb61e11\" data-element_type=\"widget\" data-widget_type=\"heading.default\">\n\t\t\t\t<div class=\"elementor-widget-container\">\n\t\t\t\t\t<h1 class=\"elementor-heading-title elementor-size-default\">Veranstaltungsorganisation <br \/> &amp; Raumbetreuung<\/h1>\t\t\t\t<\/div>\n\t\t\t\t<\/div>\n\t\t\t\t<div class=\"elementor-element elementor-element-53252d7 elementor-widget elementor-widget-image\" data-id=\"53252d7\" data-element_type=\"widget\" data-widget_type=\"image.default\">\n\t\t\t\t<div class=\"elementor-widget-container\">\n\t\t\t\t\t\t\t\t\t\t\t\t\t\t\t<img fetchpriority=\"high\" decoding=\"async\" width=\"1024\" height=\"682\" src=\"https:\/\/annalysee.info\/wp-content\/uploads\/2025\/08\/space-sitting-_-blur-Photoroom-1024x682.jpg\" class=\"attachment-large size-large wp-image-1151\" alt=\"\" srcset=\"https:\/\/annalysee.info\/wp-content\/uploads\/2025\/08\/space-sitting-_-blur-Photoroom-1024x682.jpg 1024w, https:\/\/annalysee.info\/wp-content\/uploads\/2025\/08\/space-sitting-_-blur-Photoroom-300x200.jpg 300w, https:\/\/annalysee.info\/wp-content\/uploads\/2025\/08\/space-sitting-_-blur-Photoroom-768x511.jpg 768w, https:\/\/annalysee.info\/wp-content\/uploads\/2025\/08\/space-sitting-_-blur-Photoroom-1536x1023.jpg 1536w, https:\/\/annalysee.info\/wp-content\/uploads\/2025\/08\/space-sitting-_-blur-Photoroom.jpg 2000w\" sizes=\"(max-width: 1024px) 100vw, 1024px\" \/>\t\t\t\t\t\t\t\t\t\t\t\t\t\t\t<\/div>\n\t\t\t\t<\/div>\n\t\t\t\t<div class=\"elementor-element elementor-element-6927c97 elementor-widget elementor-widget-text-editor\" data-id=\"6927c97\" data-element_type=\"widget\" data-widget_type=\"text-editor.default\">\n\t\t\t\t<div class=\"elementor-widget-container\">\n\t\t\t\t\t\t\t\t\t<p>Photograph: Andr\u00e9 Krenz<\/p>\t\t\t\t\t\t\t\t<\/div>\n\t\t\t\t<\/div>\n\t\t\t\t<div class=\"elementor-element elementor-element-161e8dc elementor-widget elementor-widget-text-editor\" data-id=\"161e8dc\" data-element_type=\"widget\" data-widget_type=\"text-editor.default\">\n\t\t\t\t<div class=\"elementor-widget-container\">\n\t\t\t\t\t\t\t\t\t<p data-start=\"193\" data-end=\"755\">Dank meiner langj\u00e4hrigen Erfahrung in der Organisation von Gro\u00dfveranstaltungen wie EURIX und xplore Berlin biete ich praktische Unterst\u00fctzung bei der Planung und Durchf\u00fchrung von szenespezifischen Festivals, Begegnungen und R\u00e4umen. Zu meinen Kompetenzen geh\u00f6ren die Koordination von Freiwilligen- und Mitarbeiterteams, die Kommunikation mit Referenten, die Erstellung von Zeit- und Aufgabenpl\u00e4nen sowie die Betreuung von Websites und Werbeplattformen. Ich wei\u00df, was es braucht, um eine komplexe Veranstaltung oder einen Raum logistisch, zwischenmenschlich und emotional zum Leben zu erwecken.<\/p><p data-start=\"757\" data-end=\"793\">Ich biete Unterst\u00fctzung in zwei Kernbereichen:<\/p><ol data-start=\"794\" data-end=\"1221\"><li data-start=\"794\" data-end=\"937\"><p data-start=\"797\" data-end=\"937\"><strong>Praktische Beratung und Umsetzung deiner eigenen mittelgro\u00dfen bis gro\u00dfen Veranstaltung: <\/strong>zugeschnitten auf die Bed\u00fcrfnisse deiner Community und dein Konzept<\/p><\/li><li data-start=\"794\" data-end=\"937\"><strong data-start=\"159\" data-end=\"208\">Kurzfristige Vertretung und vor\u00fcbergehende Unterst\u00fctzung<\/strong> <strong>f\u00fcr etablierte Community- oder Veranstaltungsr\u00e4ume: <\/strong>\u00dcbernahme von administrativen, organisatorischen und, falls gew\u00fcnscht, inhaltlichen Aufgaben. Dies kann alles M\u00f6gliche umfassen, von der Verwaltung des Tagesgesch\u00e4fts bis hin zur Durchf\u00fchrung laufender Kurse oder der Leitung von Wochenend-Workshops w\u00e4hrend deiner Abwesenheit.<\/li><\/ol>\t\t\t\t\t\t\t\t<\/div>\n\t\t\t\t<\/div>\n\t\t\t\t<div class=\"elementor-element elementor-element-dc5f202 elementor-widget elementor-widget-button\" data-id=\"dc5f202\" data-element_type=\"widget\" data-widget_type=\"button.default\">\n\t\t\t\t<div class=\"elementor-widget-container\">\n\t\t\t\t\t\t\t\t\t<div class=\"elementor-button-wrapper\">\n\t\t\t\t\t<a class=\"elementor-button elementor-button-link elementor-size-sm\" href=\"https:\/\/annalysee.info\/contact\/\">\n\t\t\t\t\t\t<span class=\"elementor-button-content-wrapper\">\n\t\t\t\t\t\t\t\t\t<span class=\"elementor-button-text\">Hier klicken, um eine Beratung\/Umsetzung oder eine Raumbetreuung zu buchen und\/oder \u00fcber Preise zu sprechen!<\/span>\n\t\t\t\t\t<\/span>\n\t\t\t\t\t<\/a>\n\t\t\t\t<\/div>\n\t\t\t\t\t\t\t\t<\/div>\n\t\t\t\t<\/div>\n\t\t\t\t<\/div>\n\t\t\t\t<\/div>\n\t\t\t\t<\/div>","protected":false},"excerpt":{"rendered":"<p>event organisation &amp; space sitting photographer: Andr\u00e9 Krenz With many years of experience organizing large-scale community events like EURIX and xplore Berlin, I offer hands-on support for the planning and execution of scene-specific festivals, gatherings, and spaces. My experience includes coordinating teams of volunteers and staff, managing communication with presenters, developing schedules and task plans, [&hellip;]<\/p>","protected":false},"author":1,"featured_media":0,"parent":0,"menu_order":0,"comment_status":"closed","ping_status":"closed","template":"","meta":{"site-sidebar-layout":"no-sidebar","site-content-layout":"page-builder","ast-site-content-layout":"full-width-container","site-content-style":"unboxed","site-sidebar-style":"unboxed","ast-global-header-display":"","ast-banner-title-visibility":"","ast-main-header-display":"","ast-hfb-above-header-display":"","ast-hfb-below-header-display":"","ast-hfb-mobile-header-display":"","site-post-title":"disabled","ast-breadcrumbs-content":"disabled","ast-featured-img":"disabled","footer-sml-layout":"","theme-transparent-header-meta":"enabled","adv-header-id-meta":"","stick-header-meta":"","header-above-stick-meta":"","header-main-stick-meta":"","header-below-stick-meta":"","astra-migrate-meta-layouts":"set","ast-page-background-enabled":"default","ast-page-background-meta":{"desktop":{"background-color":"","background-image":"","background-repeat":"repeat","background-position":"center center","background-size":"auto","background-attachment":"scroll","background-type":"","background-media":"","overlay-type":"","overlay-color":"","overlay-opacity":"","overlay-gradient":""},"tablet":{"background-color":"","background-image":"","background-repeat":"repeat","background-position":"center center","background-size":"auto","background-attachment":"scroll","background-type":"","background-media":"","overlay-type":"","overlay-color":"","overlay-opacity":"","overlay-gradient":""},"mobile":{"background-color":"","background-image":"","background-repeat":"repeat","background-position":"center center","background-size":"auto","background-attachment":"scroll","background-type":"","background-media":"","overlay-type":"","overlay-color":"","overlay-opacity":"","overlay-gradient":""}},"ast-content-background-meta":{"desktop":{"background-color":"var(--ast-global-color-5)","background-image":"","background-repeat":"repeat","background-position":"center center","background-size":"auto","background-attachment":"scroll","background-type":"","background-media":"","overlay-type":"","overlay-color":"","overlay-opacity":"","overlay-gradient":""},"tablet":{"background-color":"var(--ast-global-color-5)","background-image":"","background-repeat":"repeat","background-position":"center center","background-size":"auto","background-attachment":"scroll","background-type":"","background-media":"","overlay-type":"","overlay-color":"","overlay-opacity":"","overlay-gradient":""},"mobile":{"background-color":"var(--ast-global-color-5)","background-image":"","background-repeat":"repeat","background-position":"center center","background-size":"auto","background-attachment":"scroll","background-type":"","background-media":"","overlay-type":"","overlay-color":"","overlay-opacity":"","overlay-gradient":""}},"footnotes":""},"class_list":["post-1009","page","type-page","status-publish","hentry"],"_links":{"self":[{"href":"https:\/\/annalysee.info\/de\/wp-json\/wp\/v2\/pages\/1009","targetHints":{"allow":["GET"]}}],"collection":[{"href":"https:\/\/annalysee.info\/de\/wp-json\/wp\/v2\/pages"}],"about":[{"href":"https:\/\/annalysee.info\/de\/wp-json\/wp\/v2\/types\/page"}],"author":[{"embeddable":true,"href":"https:\/\/annalysee.info\/de\/wp-json\/wp\/v2\/users\/1"}],"replies":[{"embeddable":true,"href":"https:\/\/annalysee.info\/de\/wp-json\/wp\/v2\/comments?post=1009"}],"version-history":[{"count":0,"href":"https:\/\/annalysee.info\/de\/wp-json\/wp\/v2\/pages\/1009\/revisions"}],"wp:attachment":[{"href":"https:\/\/annalysee.info\/de\/wp-json\/wp\/v2\/media?parent=1009"}],"curies":[{"name":"wp","href":"https:\/\/api.w.org\/{rel}","templated":true}]}}