{"id":1093,"date":"2025-08-06T18:16:59","date_gmt":"2025-08-06T16:16:59","guid":{"rendered":"https:\/\/annalysee.info\/?page_id=1093"},"modified":"2025-08-09T22:59:57","modified_gmt":"2025-08-09T20:59:57","slug":"performances-art","status":"publish","type":"page","link":"https:\/\/annalysee.info\/de\/performances-art\/","title":{"rendered":"performances &amp; art"},"content":{"rendered":"<div data-elementor-type=\"wp-page\" data-elementor-id=\"1093\" class=\"elementor elementor-1093\">\n\t\t\t\t<div class=\"elementor-element elementor-element-1bf305f e-con-full e-flex e-con e-parent\" data-id=\"1bf305f\" data-element_type=\"container\">\n\t\t<div class=\"elementor-element elementor-element-7a2e5a7 e-con-full e-flex e-con e-child\" data-id=\"7a2e5a7\" data-element_type=\"container\">\n\t\t\t\t<div class=\"elementor-element elementor-element-eb61e11 elementor-widget elementor-widget-heading\" data-id=\"eb61e11\" data-element_type=\"widget\" data-widget_type=\"heading.default\">\n\t\t\t\t<div class=\"elementor-widget-container\">\n\t\t\t\t\t<h1 class=\"elementor-heading-title elementor-size-default\">Performances &amp; k\u00fcnstlerische Projekte<\/h1>\t\t\t\t<\/div>\n\t\t\t\t<\/div>\n\t\t\t\t<div class=\"elementor-element elementor-element-53252d7 elementor-widget elementor-widget-image\" data-id=\"53252d7\" data-element_type=\"widget\" data-widget_type=\"image.default\">\n\t\t\t\t<div class=\"elementor-widget-container\">\n\t\t\t\t\t\t\t\t\t\t\t\t\t\t\t<img fetchpriority=\"high\" decoding=\"async\" width=\"1024\" height=\"682\" src=\"https:\/\/annalysee.info\/wp-content\/uploads\/2025\/08\/performace-art-_-blur-Photoroom-1024x682.jpg\" class=\"attachment-large size-large wp-image-1170\" alt=\"\" srcset=\"https:\/\/annalysee.info\/wp-content\/uploads\/2025\/08\/performace-art-_-blur-Photoroom-1024x682.jpg 1024w, https:\/\/annalysee.info\/wp-content\/uploads\/2025\/08\/performace-art-_-blur-Photoroom-300x200.jpg 300w, https:\/\/annalysee.info\/wp-content\/uploads\/2025\/08\/performace-art-_-blur-Photoroom-768x512.jpg 768w, https:\/\/annalysee.info\/wp-content\/uploads\/2025\/08\/performace-art-_-blur-Photoroom-1536x1024.jpg 1536w, https:\/\/annalysee.info\/wp-content\/uploads\/2025\/08\/performace-art-_-blur-Photoroom.jpg 2000w\" sizes=\"(max-width: 1024px) 100vw, 1024px\" \/>\t\t\t\t\t\t\t\t\t\t\t\t\t\t\t<\/div>\n\t\t\t\t<\/div>\n\t\t\t\t<div class=\"elementor-element elementor-element-e798572 elementor-widget elementor-widget-text-editor\" data-id=\"e798572\" data-element_type=\"widget\" data-widget_type=\"text-editor.default\">\n\t\t\t\t<div class=\"elementor-widget-container\">\n\t\t\t\t\t\t\t\t\t<p>Photograph: CarnivorePictures<\/p>\t\t\t\t\t\t\t\t<\/div>\n\t\t\t\t<\/div>\n\t\t\t\t<div class=\"elementor-element elementor-element-161e8dc elementor-widget elementor-widget-text-editor\" data-id=\"161e8dc\" data-element_type=\"widget\" data-widget_type=\"text-editor.default\">\n\t\t\t\t<div class=\"elementor-widget-container\">\n\t\t\t\t\t\t\t\t\t<p data-start=\"116\" data-end=\"478\">Ich performe seit vielen Jahren in den unterschiedlichsten Kontexten: auf der B\u00fchne, in Studios, auf Festivals und bei intimen Veranstaltungen \u2013 immer auf der Suche nach der Schnittstelle zwischen k\u00fcnstlerischem Ausdruck und technischer Pr\u00e4zision. Meine Performances mit Seil sind nicht nur visuelle Darbietungen, sondern emotional bewegende Erlebnisse, die zwischen Verletzlichkeit, Intensit\u00e4t und stiller Kraft oszillieren.<\/p><p data-start=\"480\" data-end=\"834\" data-is-last-node=\"\" data-is-only-node=\"\">Ich biete ma\u00dfgeschneiderte Performances f\u00fcr deine Veranstaltung, die auf dein Publikum und deinen thematischen Schwerpunkt zugeschnitten sind. Ich stehe auch f\u00fcr die Zusammenarbeit bei k\u00fcnstlerischen Projekten zur Verf\u00fcgung, sei es f\u00fcr eine Seilinstallation, eine Fotoserie, ein Konzeptwerk oder etwas anderes. Meine Seile werden sowohl zum Medium als auch zur Botschaft \u2013 sie erweitern, rahmen und manchmal auch ersch\u00fcttern den Raum, den sie einnehmen.<\/p>\t\t\t\t\t\t\t\t<\/div>\n\t\t\t\t<\/div>\n\t\t\t\t<div class=\"elementor-element elementor-element-dc5f202 elementor-widget elementor-widget-button\" data-id=\"dc5f202\" data-element_type=\"widget\" data-widget_type=\"button.default\">\n\t\t\t\t<div class=\"elementor-widget-container\">\n\t\t\t\t\t\t\t\t\t<div class=\"elementor-button-wrapper\">\n\t\t\t\t\t<a class=\"elementor-button elementor-button-link elementor-size-sm\" href=\"#\">\n\t\t\t\t\t\t<span class=\"elementor-button-content-wrapper\">\n\t\t\t\t\t\t\t\t\t<span class=\"elementor-button-text\">Hier klicken, um eine Performance\/einen Beitrag zu buchen und\/oder \u00fcber Preise zu sprechen!<\/span>\n\t\t\t\t\t<\/span>\n\t\t\t\t\t<\/a>\n\t\t\t\t<\/div>\n\t\t\t\t\t\t\t\t<\/div>\n\t\t\t\t<\/div>\n\t\t\t\t<\/div>\n\t\t\t\t<\/div>\n\t\t\t\t<\/div>","protected":false},"excerpt":{"rendered":"<p>Performances &amp; Art Projects photographer: CarnivorePictures I\u2019ve been performing for many years in a wide range of settings: on stage, in studios, at festivals and intimate gatherings &#8211; always exploring the intersection of artistic expression and technical precision. My performances with rope are not just visual displays, but emotionally resonant experiences that move between vulnerability, [&hellip;]<\/p>","protected":false},"author":1,"featured_media":0,"parent":0,"menu_order":0,"comment_status":"closed","ping_status":"closed","template":"","meta":{"site-sidebar-layout":"no-sidebar","site-content-layout":"page-builder","ast-site-content-layout":"full-width-container","site-content-style":"unboxed","site-sidebar-style":"unboxed","ast-global-header-display":"","ast-banner-title-visibility":"","ast-main-header-display":"","ast-hfb-above-header-display":"","ast-hfb-below-header-display":"","ast-hfb-mobile-header-display":"","site-post-title":"disabled","ast-breadcrumbs-content":"disabled","ast-featured-img":"disabled","footer-sml-layout":"","theme-transparent-header-meta":"enabled","adv-header-id-meta":"","stick-header-meta":"","header-above-stick-meta":"","header-main-stick-meta":"","header-below-stick-meta":"","astra-migrate-meta-layouts":"set","ast-page-background-enabled":"default","ast-page-background-meta":{"desktop":{"background-color":"","background-image":"","background-repeat":"repeat","background-position":"center center","background-size":"auto","background-attachment":"scroll","background-type":"","background-media":"","overlay-type":"","overlay-color":"","overlay-opacity":"","overlay-gradient":""},"tablet":{"background-color":"","background-image":"","background-repeat":"repeat","background-position":"center center","background-size":"auto","background-attachment":"scroll","background-type":"","background-media":"","overlay-type":"","overlay-color":"","overlay-opacity":"","overlay-gradient":""},"mobile":{"background-color":"","background-image":"","background-repeat":"repeat","background-position":"center center","background-size":"auto","background-attachment":"scroll","background-type":"","background-media":"","overlay-type":"","overlay-color":"","overlay-opacity":"","overlay-gradient":""}},"ast-content-background-meta":{"desktop":{"background-color":"var(--ast-global-color-5)","background-image":"","background-repeat":"repeat","background-position":"center center","background-size":"auto","background-attachment":"scroll","background-type":"","background-media":"","overlay-type":"","overlay-color":"","overlay-opacity":"","overlay-gradient":""},"tablet":{"background-color":"var(--ast-global-color-5)","background-image":"","background-repeat":"repeat","background-position":"center center","background-size":"auto","background-attachment":"scroll","background-type":"","background-media":"","overlay-type":"","overlay-color":"","overlay-opacity":"","overlay-gradient":""},"mobile":{"background-color":"var(--ast-global-color-5)","background-image":"","background-repeat":"repeat","background-position":"center center","background-size":"auto","background-attachment":"scroll","background-type":"","background-media":"","overlay-type":"","overlay-color":"","overlay-opacity":"","overlay-gradient":""}},"footnotes":""},"class_list":["post-1093","page","type-page","status-publish","hentry"],"_links":{"self":[{"href":"https:\/\/annalysee.info\/de\/wp-json\/wp\/v2\/pages\/1093","targetHints":{"allow":["GET"]}}],"collection":[{"href":"https:\/\/annalysee.info\/de\/wp-json\/wp\/v2\/pages"}],"about":[{"href":"https:\/\/annalysee.info\/de\/wp-json\/wp\/v2\/types\/page"}],"author":[{"embeddable":true,"href":"https:\/\/annalysee.info\/de\/wp-json\/wp\/v2\/users\/1"}],"replies":[{"embeddable":true,"href":"https:\/\/annalysee.info\/de\/wp-json\/wp\/v2\/comments?post=1093"}],"version-history":[{"count":0,"href":"https:\/\/annalysee.info\/de\/wp-json\/wp\/v2\/pages\/1093\/revisions"}],"wp:attachment":[{"href":"https:\/\/annalysee.info\/de\/wp-json\/wp\/v2\/media?parent=1093"}],"curies":[{"name":"wp","href":"https:\/\/api.w.org\/{rel}","templated":true}]}}