{"id":1184,"date":"2025-08-07T02:47:34","date_gmt":"2025-08-07T00:47:34","guid":{"rendered":"https:\/\/annalysee.info\/?page_id=1184"},"modified":"2026-04-08T14:10:33","modified_gmt":"2026-04-08T12:10:33","slug":"legal-notice","status":"publish","type":"page","link":"https:\/\/annalysee.info\/de\/legal-notice\/","title":{"rendered":"Impressum"},"content":{"rendered":"<div data-elementor-type=\"wp-page\" data-elementor-id=\"1184\" class=\"elementor elementor-1184\">\n\t\t\t\t<div class=\"elementor-element elementor-element-1bf305f e-con-full e-flex e-con e-parent\" data-id=\"1bf305f\" data-element_type=\"container\">\n\t\t<div class=\"elementor-element elementor-element-7a2e5a7 e-con-full e-flex e-con e-child\" data-id=\"7a2e5a7\" data-element_type=\"container\">\n\t\t\t\t<div class=\"elementor-element elementor-element-eb61e11 elementor-widget elementor-widget-heading\" data-id=\"eb61e11\" data-element_type=\"widget\" data-widget_type=\"heading.default\">\n\t\t\t\t<div class=\"elementor-widget-container\">\n\t\t\t\t\t<h1 class=\"elementor-heading-title elementor-size-default\">Rechtliche Hinweise &amp; Datenschutzbestimmungen<\/h1>\t\t\t\t<\/div>\n\t\t\t\t<\/div>\n\t\t\t\t<\/div>\n\t\t\t\t<\/div>\n\t\t<div class=\"elementor-element elementor-element-b662970 e-flex e-con-boxed e-con e-parent\" data-id=\"b662970\" data-element_type=\"container\">\n\t\t\t\t\t<div class=\"e-con-inner\">\n\t\t<div class=\"elementor-element elementor-element-30fb110 e-con-full e-flex e-con e-child\" data-id=\"30fb110\" data-element_type=\"container\">\n\t\t<div class=\"elementor-element elementor-element-65101a0 e-flex e-con-boxed e-con e-child\" data-id=\"65101a0\" data-element_type=\"container\">\n\t\t\t\t\t<div class=\"e-con-inner\">\n\t\t<div class=\"elementor-element elementor-element-168d8a2 e-con-full e-flex e-con e-child\" data-id=\"168d8a2\" data-element_type=\"container\">\n\t\t\t\t<div class=\"elementor-element elementor-element-4cf6054 elementor-widget elementor-widget-heading\" data-id=\"4cf6054\" data-element_type=\"widget\" data-widget_type=\"heading.default\">\n\t\t\t\t<div class=\"elementor-widget-container\">\n\t\t\t\t\t<h6 class=\"elementor-heading-title elementor-size-default\">Datenschutzerkl\u00e4rung <\/h6>\t\t\t\t<\/div>\n\t\t\t\t<\/div>\n\t\t\t\t<div class=\"elementor-element elementor-element-49cf439 elementor-widget elementor-widget-text-editor\" data-id=\"49cf439\" data-element_type=\"widget\" data-widget_type=\"text-editor.default\">\n\t\t\t\t<div class=\"elementor-widget-container\">\n\t\t\t\t\t\t\t\t\t<p data-start=\"398\" data-end=\"1003\"><strong data-start=\"398\" data-end=\"446\">1. Allgemeine Hinweise<\/strong><br data-start=\"756\" data-end=\"759\" \/>Der Schutz deiner pers\u00f6nlichen Daten ist mir ein besonderes Anliegen. Ich verarbeite deine Daten daher ausschlie\u00dflich auf Grundlage der gesetzlichen Bestimmungen (DSGVO, TMG). In diesen Datenschutzinformationen informiere ich dich \u00fcber die wichtigsten Aspekte der Datenverarbeitung im Rahmen dieser Website.<\/p><p data-start=\"1005\" data-end=\"1564\"><strong data-start=\"1005\" data-end=\"1043\">2. Kontakt mit mir<\/strong><br data-start=\"1317\" data-end=\"1320\" \/>Wenn du per Formular auf der Website oder per E-Mail Kontakt mit mir aufnimmst, werden deine angegebenen Daten zwecks Bearbeitung der Anfrage und f\u00fcr den Fall von Anschlussfragen sechs Monate bei mir gespeichert. Diese Daten gebe ich nicht ohne deine Einwilligung weiter.<\/p><p data-start=\"1005\" data-end=\"1564\">Diese Webseite nutzt das PlugIn Contact Form by WPForms. Anbieter ist WPForms LLC, WPForms 7732 Maywood Crest Dr, West Palm Beach, FL 33412.<br \/>Eine ausf\u00fchrliche Beschreibung der umgesetzten DSGVO Ma\u00dfnahmen k\u00f6nnen in folgendem Artikel nachgelesen werden: [ https:\/\/wpforms.com\/introducing-new-gdpr-enhancements-for-your-wordpress-forms\/ ]\nDie Verwendung des \u201cWPForms\u201d Plugins erfolgt auf Grundlage von Art. 6 Abs. 1 lit. f der DSGVO.<\/p><p data-start=\"1566\" data-end=\"2144\"><strong data-start=\"1566\" data-end=\"1612\">3. Eingebettete Inhalte<\/strong><br data-start=\"1890\" data-end=\"1893\" \/>Auf dieser Website sind Inhalte von Instagram eingebettet. Beim Laden dieser Inhalte k\u00f6nnen Daten (z.\u202fB. IP-Adresse, Browserinformationen) an die Server des jeweiligen Dienstes (hier: Meta\/Instagram) \u00fcbertragen werden. Es gelten die Datenschutzrichtlinien von Instagram\/Meta.<\/p><p data-start=\"2146\" data-end=\"2572\"><strong data-start=\"2146\" data-end=\"2183\">4. Externe Links<\/strong><br data-start=\"2381\" data-end=\"2384\" \/>Diese Website enth\u00e4lt Links zu externen Websites, auf deren Inhalte ich keinen Einfluss habe. F\u00fcr die Inhalte der verlinkten Seiten ist stets der jeweilige Anbieter oder Betreiber verantwortlich.<\/p><p data-start=\"2574\" data-end=\"3262\"><strong data-start=\"2574\" data-end=\"2588\">5. Hosting<\/strong><br data-start=\"2919\" data-end=\"2922\" \/>Diese Website wird bei <strong data-start=\"2948\" data-end=\"2961\">STRATO AG<\/strong>, Pascalstra\u00dfe 10, 10587 Berlin, gehostet. STRATO speichert IP-Adressen der Websitebesucher in Server-Logfiles zur Erkennung und Abwehr von Angriffen maximal 7 Tage. Es besteht ein Auftragsverarbeitungsvertrag (AVV) gem\u00e4\u00df Art. 28 DSGVO. Die Server befinden sich ausschlie\u00dflich in Deutschland.<\/p><p data-start=\"3264\" data-end=\"3973\"><strong data-start=\"3264\" data-end=\"3297\">6. Deine Rechte<\/strong><br data-start=\"3666\" data-end=\"3669\" \/>Dir stehen grunds\u00e4tzlich die Rechte auf Auskunft, Berichtigung, L\u00f6schung, Einschr\u00e4nkung, Daten\u00fcbertragbarkeit, Widerruf und Widerspruch zu. Wenn du glaubst, dass die Verarbeitung deiner Daten gegen das Datenschutzrecht verst\u00f6\u00dft oder deine datenschutzrechtlichen Anspr\u00fcche sonst in einer Weise verletzt worden sind, kannst du dich bei der Aufsichtsbeh\u00f6rde beschweren.<\/p><p data-start=\"3975\" data-end=\"4085\"><strong data-start=\"3975\" data-end=\"4016\">7. Verantwortlich<br data-start=\"4016\" data-end=\"4019\" \/><\/strong>Anna Steiner<br data-start=\"4025\" data-end=\"4028\" \/>Oberes Brunnental 44<br data-start=\"4037\" data-end=\"4040\" \/>89415 Lauingen<br data-start=\"4056\" data-end=\"4059\" \/>hello [at] annalysee.info<\/p>\t\t\t\t\t\t\t\t<\/div>\n\t\t\t\t<\/div>\n\t\t\t\t<div class=\"elementor-element elementor-element-1a27ed3 elementor-widget-divider--view-line elementor-widget elementor-widget-divider\" data-id=\"1a27ed3\" data-element_type=\"widget\" data-widget_type=\"divider.default\">\n\t\t\t\t<div class=\"elementor-widget-container\">\n\t\t\t\t\t\t\t<div class=\"elementor-divider\">\n\t\t\t<span class=\"elementor-divider-separator\">\n\t\t\t\t\t\t<\/span>\n\t\t<\/div>\n\t\t\t\t\t\t<\/div>\n\t\t\t\t<\/div>\n\t\t\t\t<div class=\"elementor-element elementor-element-8489b08 elementor-widget elementor-widget-text-editor\" data-id=\"8489b08\" data-element_type=\"widget\" data-widget_type=\"text-editor.default\">\n\t\t\t\t<div class=\"elementor-widget-container\">\n\t\t\t\t\t\t\t\t\t<p data-start=\"2574\" data-end=\"3262\"><strong data-start=\"3264\" data-end=\"3297\">Hinweis zu Cookies<\/strong><\/p><p data-start=\"708\" data-end=\"1002\">Diese Website verwendet ausschlie\u00dflich technisch notwendige Cookies, die f\u00fcr den sicheren und funktionalen Betrieb der Seite erforderlich sind (z.\u202fB. zur Speicherung von Spracheinstellungen oder bei der Nutzung des Kontaktformulars). Diese Cookies enthalten keine personenbezogenen Daten und erfordern keine Zustimmung gem\u00e4\u00df Art. 6 Abs. 1 lit. f DSGVO.<\/p><p data-start=\"1004\" data-end=\"1060\">Es werden keine Tracking-Cookies oder Cookies von Drittanbietern gesetzt.<\/p>\t\t\t\t\t\t\t\t<\/div>\n\t\t\t\t<\/div>\n\t\t\t\t<\/div>\n\t\t<div class=\"elementor-element elementor-element-188b25a e-con-full e-flex e-con e-child\" data-id=\"188b25a\" data-element_type=\"container\">\n\t\t\t\t<\/div>\n\t\t<div class=\"elementor-element elementor-element-ff82879 e-con-full e-flex e-con e-child\" data-id=\"ff82879\" data-element_type=\"container\">\n\t\t\t\t<div class=\"elementor-element elementor-element-af44066 elementor-widget elementor-widget-heading\" data-id=\"af44066\" data-element_type=\"widget\" data-widget_type=\"heading.default\">\n\t\t\t\t<div class=\"elementor-widget-container\">\n\t\t\t\t\t<h6 class=\"elementor-heading-title elementor-size-default\">Impressum<\/h6>\t\t\t\t<\/div>\n\t\t\t\t<\/div>\n\t\t\t\t<div class=\"elementor-element elementor-element-a3c53e6 elementor-widget elementor-widget-text-editor\" data-id=\"a3c53e6\" data-element_type=\"widget\" data-widget_type=\"text-editor.default\">\n\t\t\t\t<div class=\"elementor-widget-container\">\n\t\t\t\t\t\t\t\t\t<p data-start=\"316\" data-end=\"406\"><strong data-start=\"316\" data-end=\"406\">Angaben gem\u00e4\u00df \u00a7 5 DDG<\/strong><\/p><p data-start=\"408\" data-end=\"476\"><strong data-start=\"408\" data-end=\"476\">Verantwortlich f\u00fcr diese Website:<\/strong><\/p><p data-start=\"478\" data-end=\"576\"><strong data-start=\"478\" data-end=\"499\">Name:<\/strong><br data-start=\"499\" data-end=\"502\" \/>Anna Steiner\u00a0<\/p><p data-start=\"578\" data-end=\"751\"><strong data-start=\"578\" data-end=\"600\">Adresse:<\/strong><br data-start=\"600\" data-end=\"603\" \/>Oberes Brunnental 44<br data-start=\"619\" data-end=\"622\" \/>89415 Lauingen<br data-start=\"641\" data-end=\"644\" \/>Deutschland<\/p><p data-start=\"753\" data-end=\"889\"><strong data-start=\"753\" data-end=\"775\">Kontakt:<\/strong><br data-start=\"775\" data-end=\"778\" \/>E-Mail: hello [at] annalysee.info<\/p>\t\t\t\t\t\t\t\t<\/div>\n\t\t\t\t<\/div>\n\t\t\t\t<\/div>\n\t\t\t\t\t<\/div>\n\t\t\t\t<\/div>\n\t\t\t\t<\/div>\n\t\t\t\t\t<\/div>\n\t\t\t\t<\/div>\n\t\t\t\t<\/div>","protected":false},"excerpt":{"rendered":"<p>Legal Notice &amp; Privacy Policy Privacy Policy 1. General InformationProtecting your personal data is very important to me. I therefore process your data exclusively on the basis of legal regulations (GDPR, TMG). This privacy policy informs you about the most important aspects of data processing on this website. 2. Contacting MeIf you contact me via [&hellip;]<\/p>","protected":false},"author":1,"featured_media":0,"parent":0,"menu_order":0,"comment_status":"closed","ping_status":"closed","template":"","meta":{"site-sidebar-layout":"no-sidebar","site-content-layout":"page-builder","ast-site-content-layout":"full-width-container","site-content-style":"unboxed","site-sidebar-style":"unboxed","ast-global-header-display":"","ast-banner-title-visibility":"","ast-main-header-display":"","ast-hfb-above-header-display":"","ast-hfb-below-header-display":"","ast-hfb-mobile-header-display":"","site-post-title":"disabled","ast-breadcrumbs-content":"disabled","ast-featured-img":"disabled","footer-sml-layout":"","theme-transparent-header-meta":"enabled","adv-header-id-meta":"","stick-header-meta":"","header-above-stick-meta":"","header-main-stick-meta":"","header-below-stick-meta":"","astra-migrate-meta-layouts":"set","ast-page-background-enabled":"default","ast-page-background-meta":{"desktop":{"background-color":"","background-image":"","background-repeat":"repeat","background-position":"center center","background-size":"auto","background-attachment":"scroll","background-type":"","background-media":"","overlay-type":"","overlay-color":"","overlay-opacity":"","overlay-gradient":""},"tablet":{"background-color":"","background-image":"","background-repeat":"repeat","background-position":"center center","background-size":"auto","background-attachment":"scroll","background-type":"","background-media":"","overlay-type":"","overlay-color":"","overlay-opacity":"","overlay-gradient":""},"mobile":{"background-color":"","background-image":"","background-repeat":"repeat","background-position":"center center","background-size":"auto","background-attachment":"scroll","background-type":"","background-media":"","overlay-type":"","overlay-color":"","overlay-opacity":"","overlay-gradient":""}},"ast-content-background-meta":{"desktop":{"background-color":"var(--ast-global-color-5)","background-image":"","background-repeat":"repeat","background-position":"center center","background-size":"auto","background-attachment":"scroll","background-type":"","background-media":"","overlay-type":"","overlay-color":"","overlay-opacity":"","overlay-gradient":""},"tablet":{"background-color":"var(--ast-global-color-5)","background-image":"","background-repeat":"repeat","background-position":"center center","background-size":"auto","background-attachment":"scroll","background-type":"","background-media":"","overlay-type":"","overlay-color":"","overlay-opacity":"","overlay-gradient":""},"mobile":{"background-color":"var(--ast-global-color-5)","background-image":"","background-repeat":"repeat","background-position":"center center","background-size":"auto","background-attachment":"scroll","background-type":"","background-media":"","overlay-type":"","overlay-color":"","overlay-opacity":"","overlay-gradient":""}},"footnotes":""},"class_list":["post-1184","page","type-page","status-publish","hentry"],"_links":{"self":[{"href":"https:\/\/annalysee.info\/de\/wp-json\/wp\/v2\/pages\/1184","targetHints":{"allow":["GET"]}}],"collection":[{"href":"https:\/\/annalysee.info\/de\/wp-json\/wp\/v2\/pages"}],"about":[{"href":"https:\/\/annalysee.info\/de\/wp-json\/wp\/v2\/types\/page"}],"author":[{"embeddable":true,"href":"https:\/\/annalysee.info\/de\/wp-json\/wp\/v2\/users\/1"}],"replies":[{"embeddable":true,"href":"https:\/\/annalysee.info\/de\/wp-json\/wp\/v2\/comments?post=1184"}],"version-history":[{"count":0,"href":"https:\/\/annalysee.info\/de\/wp-json\/wp\/v2\/pages\/1184\/revisions"}],"wp:attachment":[{"href":"https:\/\/annalysee.info\/de\/wp-json\/wp\/v2\/media?parent=1184"}],"curies":[{"name":"wp","href":"https:\/\/api.w.org\/{rel}","templated":true}]}}