{"id":1274,"date":"2025-11-16T20:27:40","date_gmt":"2025-11-16T19:27:40","guid":{"rendered":"https:\/\/annalysee.info\/?page_id=1274"},"modified":"2025-12-21T18:32:36","modified_gmt":"2025-12-21T17:32:36","slug":"repertoire","status":"publish","type":"page","link":"https:\/\/annalysee.info\/de\/repertoire\/","title":{"rendered":"repertoire"},"content":{"rendered":"<div data-elementor-type=\"wp-page\" data-elementor-id=\"1274\" class=\"elementor elementor-1274\">\n\t\t\t\t<div class=\"elementor-element elementor-element-1bf305f e-con-full e-flex e-con e-parent\" data-id=\"1bf305f\" data-element_type=\"container\">\n\t\t<div class=\"elementor-element elementor-element-7a2e5a7 e-con-full e-flex e-con e-child\" data-id=\"7a2e5a7\" data-element_type=\"container\">\n\t\t\t\t<div class=\"elementor-element elementor-element-eb61e11 elementor-widget elementor-widget-heading\" data-id=\"eb61e11\" data-element_type=\"widget\" data-widget_type=\"heading.default\">\n\t\t\t\t<div class=\"elementor-widget-container\">\n\t\t\t\t\t<h1 class=\"elementor-heading-title elementor-size-default\">Workshops &amp; Unterricht<\/h1>\t\t\t\t<\/div>\n\t\t\t\t<\/div>\n\t\t\t\t<div class=\"elementor-element elementor-element-53252d7 elementor-widget elementor-widget-image\" data-id=\"53252d7\" data-element_type=\"widget\" data-widget_type=\"image.default\">\n\t\t\t\t<div class=\"elementor-widget-container\">\n\t\t\t\t\t\t\t\t\t\t\t\t\t\t\t<img fetchpriority=\"high\" decoding=\"async\" width=\"1024\" height=\"908\" src=\"https:\/\/annalysee.info\/wp-content\/uploads\/2025\/08\/photoBlurNoemiIch-1024x908.jpg\" class=\"attachment-large size-large wp-image-972\" alt=\"\" srcset=\"https:\/\/annalysee.info\/wp-content\/uploads\/2025\/08\/photoBlurNoemiIch-1024x908.jpg 1024w, https:\/\/annalysee.info\/wp-content\/uploads\/2025\/08\/photoBlurNoemiIch-300x266.jpg 300w, https:\/\/annalysee.info\/wp-content\/uploads\/2025\/08\/photoBlurNoemiIch-768x681.jpg 768w, https:\/\/annalysee.info\/wp-content\/uploads\/2025\/08\/photoBlurNoemiIch.jpg 1280w\" sizes=\"(max-width: 1024px) 100vw, 1024px\" \/>\t\t\t\t\t\t\t\t\t\t\t\t\t\t\t<\/div>\n\t\t\t\t<\/div>\n\t\t\t\t<div class=\"elementor-element elementor-element-2576a88 elementor-widget elementor-widget-text-editor\" data-id=\"2576a88\" data-element_type=\"widget\" data-widget_type=\"text-editor.default\">\n\t\t\t\t<div class=\"elementor-widget-container\">\n\t\t\t\t\t\t\t\t\t<p>Photograph: CarnivorePictures<\/p>\t\t\t\t\t\t\t\t<\/div>\n\t\t\t\t<\/div>\n\t\t\t\t<div class=\"elementor-element elementor-element-161e8dc elementor-widget elementor-widget-text-editor\" data-id=\"161e8dc\" data-element_type=\"widget\" data-widget_type=\"text-editor.default\">\n\t\t\t\t<div class=\"elementor-widget-container\">\n\t\t\t\t\t\t\t\t\t<div class=\"elementor-element elementor-element-161e8dc elementor-widget elementor-widget-text-editor\" data-id=\"161e8dc\" data-element_type=\"widget\" data-widget_type=\"text-editor.default\"><div class=\"elementor-widget-container\"><p>Als ausgebildete P\u00e4dagogin und erfahrene Praktikerin bringe ich langj\u00e4hrige Erfahrung in der Leitung von Workshops und der Arbeit mit Gruppen mit, die sowohl anregend als auch prozessorientiert sind. Mein Unterrichtsstil ist locker, aufgeschlossen, wird von den Menschen im Raum gepr\u00e4gt und legt gro\u00dfen Wert auf Gruppeninteraktion sowie individuelles Lernen.<\/p><p>Meine Seilworkshops k\u00f6nnen sich ausschlie\u00dflich auf technische Fertigkeiten konzentrieren und werden sorgf\u00e4ltig auf das Niveau und die Interessen der Teilnehmer zugeschnitten \u2013 von absoluten Anf\u00e4ngern bis hin zu Fortgeschrittenen.<\/p><p>Gleichzeitig liegt meine wahre Leidenschaft darin, \u00fcber die Technik hinauszugehen: zu erforschen, wie man einen pers\u00f6nlichen Seil-Stil entwickelt, wie man die Qualit\u00e4t von Sessions durch psychologische und kommunikative Erkenntnisse vertiefen kann und wie man kreative Elemente integriert, damit jede Erfahrung einzigartig und bedeutungsvoll wird. An diesem Schnittpunkt zwischen Struktur, Ausdruck, Fertigkeit und Pr\u00e4senz kommt meine Arbeit lebendig und vollst\u00e4ndig zum Ausdruck.<\/p><p>Dar\u00fcber hinaus biete ich Workshops an, die \u00fcber das Thema Seil hinausgehen und sich auf Themen wie allgemeine Sessiongestaltung, die Integration von K\u00f6rper und Geist oder psychologische Themen konzentrieren, die f\u00fcr die pers\u00f6nliche oder intime Entwicklung relevant sind. Diese Kurse regen Neugierde und Reflexion an und bieten die Freiheit, eine eigene Sprache und einen eigenen Stil zu entwickeln.<\/p><p>Ich biete auch Privatunterricht f\u00fcr Einzelpersonen oder Paare an, der auf jedes der genannten Themen zugeschnitten werden kann.<\/p><\/div><\/div><p>Ganz gleich, ob du dich mit pers\u00f6nlichen Herausforderungen auseinandersetzt, Aspekte deiner Sexualit\u00e4t erforschst, traumatische Erfahrungen verarbeitest oder Klarheit in deinen Beziehungen suchst \u2013 ich schaffe einen Raum, in dem du dir selbst mit Ehrlichkeit, Neugier und Mitgef\u00fchl begegnen kannst. Ich empfange Einzelpersonen, Paare und kleine Gruppen und bringe aufgrund meiner engen Verbindung zur Kink- und Queer-Community besondere Sensibilit\u00e4t f\u00fcr nicht-normative Identit\u00e4ten und Erfahrungen mit.<\/p><p>Mein Coaching ist auf deinen individuellen Kontext zugeschnitten. Wir k\u00f6nnen an allem arbeiten, von K\u00f6rperbewusstsein, Intimit\u00e4t und emotionaler Regulierung bis hin zu Selbstwertgef\u00fchl, fetischbezogenen Fragen oder sexuellen Funktionsst\u00f6rungen. Gemeinsam k\u00f6nnen wir erkunden, was f\u00fcr dich aktuell wichtig ist \u2013 in deinem Tempo und mit deinen Worten, online oder pers\u00f6nlich.<\/p><p>Nicht jede Frage bedarf einer sofortigen Antwort, und nicht jeder Teil von uns muss gel\u00f6st werden. Was z\u00e4hlt, ist ein Raum zu schaffen, in dem das Echte, das Ungewisse und das Entstehende ohne Wertung existieren d\u00fcrfen.<\/p>\t\t\t\t\t\t\t\t<\/div>\n\t\t\t\t<\/div>\n\t\t\t\t<div class=\"elementor-element elementor-element-dc5f202 elementor-widget elementor-widget-button\" data-id=\"dc5f202\" data-element_type=\"widget\" data-widget_type=\"button.default\">\n\t\t\t\t<div class=\"elementor-widget-container\">\n\t\t\t\t\t\t\t\t\t<div class=\"elementor-button-wrapper\">\n\t\t\t\t\t<a class=\"elementor-button elementor-button-link elementor-size-sm\" href=\"https:\/\/annalysee.info\/contact\/\">\n\t\t\t\t\t\t<span class=\"elementor-button-content-wrapper\">\n\t\t\t\t\t\t\t\t\t<span class=\"elementor-button-text\">Hier klicken, um einen Gruppenworkshop oder Privatunterricht zu buchen und\/oder \u00fcber Preise zu sprechen!<\/span>\n\t\t\t\t\t<\/span>\n\t\t\t\t\t<\/a>\n\t\t\t\t<\/div>\n\t\t\t\t\t\t\t\t<\/div>\n\t\t\t\t<\/div>\n\t\t\t\t<\/div>\n\t\t\t\t<\/div>\n\t\t<div class=\"elementor-element elementor-element-b4ff247 e-flex e-con-boxed e-con e-parent\" data-id=\"b4ff247\" data-element_type=\"container\">\n\t\t\t\t\t<div class=\"e-con-inner\">\n\t\t<div class=\"elementor-element elementor-element-3c7a51a e-con-full e-flex e-con e-child\" data-id=\"3c7a51a\" data-element_type=\"container\">\n\t\t\t\t<div class=\"elementor-element elementor-element-2fcdf74 elementor-widget elementor-widget-heading\" data-id=\"2fcdf74\" data-element_type=\"widget\" data-widget_type=\"heading.default\">\n\t\t\t\t<div class=\"elementor-widget-container\">\n\t\t\t\t\t<h5 class=\"elementor-heading-title elementor-size-default\">\"ready to book\" workshops<\/h5>\t\t\t\t<\/div>\n\t\t\t\t<\/div>\n\t\t\t\t<\/div>\n\t\t<div class=\"elementor-element elementor-element-af184b7 e-con-full e-flex e-con e-child\" data-id=\"af184b7\" data-element_type=\"container\">\n\t\t<div class=\"elementor-element elementor-element-90593b4 e-flex e-con-boxed e-con e-child\" data-id=\"90593b4\" data-element_type=\"container\">\n\t\t\t\t\t<div class=\"e-con-inner\">\n\t\t<div class=\"elementor-element elementor-element-1661f23 e-con-full e-flex e-con e-child\" data-id=\"1661f23\" data-element_type=\"container\">\n\t\t\t\t<div class=\"elementor-element elementor-element-813ec80 elementor-widget elementor-widget-heading\" data-id=\"813ec80\" data-element_type=\"widget\" data-widget_type=\"heading.default\">\n\t\t\t\t<div class=\"elementor-widget-container\">\n\t\t\t\t\t<h3 class=\"elementor-heading-title elementor-size-default\">Seil<\/h3>\t\t\t\t<\/div>\n\t\t\t\t<\/div>\n\t\t\t\t<\/div>\n\t\t<div class=\"elementor-element elementor-element-ef4dc2f e-con-full e-flex e-con e-child\" data-id=\"ef4dc2f\" data-element_type=\"container\">\n\t\t\t\t<div class=\"elementor-element elementor-element-a0d90b9 elementor-widget elementor-widget-heading\" data-id=\"a0d90b9\" data-element_type=\"widget\" data-widget_type=\"heading.default\">\n\t\t\t\t<div class=\"elementor-widget-container\">\n\t\t\t\t\t<h3 class=\"elementor-heading-title elementor-size-default\"><a href=\"https:\/\/annalysee.info\/en_gb\/rope-101\/\">Rope 101 - eine Einf\u00fchrung<\/a><\/h3>\t\t\t\t<\/div>\n\t\t\t\t<\/div>\n\t\t\t\t<div class=\"elementor-element elementor-element-04c8403 elementor-widget-divider--view-line elementor-widget elementor-widget-divider\" data-id=\"04c8403\" data-element_type=\"widget\" data-widget_type=\"divider.default\">\n\t\t\t\t<div class=\"elementor-widget-container\">\n\t\t\t\t\t\t\t<div class=\"elementor-divider\">\n\t\t\t<span class=\"elementor-divider-separator\">\n\t\t\t\t\t\t<\/span>\n\t\t<\/div>\n\t\t\t\t\t\t<\/div>\n\t\t\t\t<\/div>\n\t\t\t\t<div class=\"elementor-element elementor-element-d183d18 elementor-widget elementor-widget-heading\" data-id=\"d183d18\" data-element_type=\"widget\" data-widget_type=\"heading.default\">\n\t\t\t\t<div class=\"elementor-widget-container\">\n\t\t\t\t\t<h3 class=\"elementor-heading-title elementor-size-default\"><a href=\"https:\/\/annalysee.info\/en_gb\/dancing-the-line\/\">DANCING THE LINE \u2013 Bewegung und Kontrolle im Seil<\/a><\/h3>\t\t\t\t<\/div>\n\t\t\t\t<\/div>\n\t\t\t\t<div class=\"elementor-element elementor-element-d413d68 elementor-widget-divider--view-line elementor-widget elementor-widget-divider\" data-id=\"d413d68\" data-element_type=\"widget\" data-widget_type=\"divider.default\">\n\t\t\t\t<div class=\"elementor-widget-container\">\n\t\t\t\t\t\t\t<div class=\"elementor-divider\">\n\t\t\t<span class=\"elementor-divider-separator\">\n\t\t\t\t\t\t<\/span>\n\t\t<\/div>\n\t\t\t\t\t\t<\/div>\n\t\t\t\t<\/div>\n\t\t\t\t<div class=\"elementor-element elementor-element-c941ea2 elementor-widget elementor-widget-heading\" data-id=\"c941ea2\" data-element_type=\"widget\" data-widget_type=\"heading.default\">\n\t\t\t\t<div class=\"elementor-widget-container\">\n\t\t\t\t\t<h3 class=\"elementor-heading-title elementor-size-default\"><a href=\"https:\/\/annalysee.info\/en_gb\/crafting-emotions\/\">CRAFTING EMOTIONS \u2013 Von Intention bis Wirkung im Seil<\/a><\/h3>\t\t\t\t<\/div>\n\t\t\t\t<\/div>\n\t\t\t\t<div class=\"elementor-element elementor-element-115c69e elementor-widget-divider--view-line elementor-widget elementor-widget-divider\" data-id=\"115c69e\" data-element_type=\"widget\" data-widget_type=\"divider.default\">\n\t\t\t\t<div class=\"elementor-widget-container\">\n\t\t\t\t\t\t\t<div class=\"elementor-divider\">\n\t\t\t<span class=\"elementor-divider-separator\">\n\t\t\t\t\t\t<\/span>\n\t\t<\/div>\n\t\t\t\t\t\t<\/div>\n\t\t\t\t<\/div>\n\t\t\t\t<div class=\"elementor-element elementor-element-e0aa5da elementor-widget elementor-widget-heading\" data-id=\"e0aa5da\" data-element_type=\"widget\" data-widget_type=\"heading.default\">\n\t\t\t\t<div class=\"elementor-widget-container\">\n\t\t\t\t\t<h3 class=\"elementor-heading-title elementor-size-default\"><a href=\"https:\/\/annalysee.info\/en_gb\/build-a-harness\/\">BUILD-A-HARNESS \u2013 Von Seilchaos zu funktionaler Form<\/a><\/h3>\t\t\t\t<\/div>\n\t\t\t\t<\/div>\n\t\t\t\t<div class=\"elementor-element elementor-element-5d8cb98 elementor-widget-divider--view-line elementor-widget elementor-widget-divider\" data-id=\"5d8cb98\" data-element_type=\"widget\" data-widget_type=\"divider.default\">\n\t\t\t\t<div class=\"elementor-widget-container\">\n\t\t\t\t\t\t\t<div class=\"elementor-divider\">\n\t\t\t<span class=\"elementor-divider-separator\">\n\t\t\t\t\t\t<\/span>\n\t\t<\/div>\n\t\t\t\t\t\t<\/div>\n\t\t\t\t<\/div>\n\t\t\t\t<div class=\"elementor-element elementor-element-269af04 elementor-widget elementor-widget-heading\" data-id=\"269af04\" data-element_type=\"widget\" data-widget_type=\"heading.default\">\n\t\t\t\t<div class=\"elementor-widget-container\">\n\t\t\t\t\t<h3 class=\"elementor-heading-title elementor-size-default\"><a href=\"https:\/\/annalysee.info\/en_gb\/beyond-the-frame\/\">BEYOND THE FRAME \u2013 3D-Suspensions entdecken<\/a><\/h3>\t\t\t\t<\/div>\n\t\t\t\t<\/div>\n\t\t\t\t<div class=\"elementor-element elementor-element-ffacd27 elementor-widget-divider--view-line elementor-widget elementor-widget-divider\" data-id=\"ffacd27\" data-element_type=\"widget\" data-widget_type=\"divider.default\">\n\t\t\t\t<div class=\"elementor-widget-container\">\n\t\t\t\t\t\t\t<div class=\"elementor-divider\">\n\t\t\t<span class=\"elementor-divider-separator\">\n\t\t\t\t\t\t<\/span>\n\t\t<\/div>\n\t\t\t\t\t\t<\/div>\n\t\t\t\t<\/div>\n\t\t\t\t<div class=\"elementor-element elementor-element-7c1126f elementor-widget elementor-widget-heading\" data-id=\"7c1126f\" data-element_type=\"widget\" data-widget_type=\"heading.default\">\n\t\t\t\t<div class=\"elementor-widget-container\">\n\t\t\t\t\t<h3 class=\"elementor-heading-title elementor-size-default\"><a href=\"https:\/\/annalysee.info\/en_gb\/talking-through-about-rope\/\">TALKING THROUGH &amp; ABOUT ROPE \u2013 Kommunikation vor, w\u00e4hrend und nach dem Fesseln<\/a><\/h3>\t\t\t\t<\/div>\n\t\t\t\t<\/div>\n\t\t\t\t<div class=\"elementor-element elementor-element-5f25b46 elementor-widget-divider--view-line elementor-widget elementor-widget-divider\" data-id=\"5f25b46\" data-element_type=\"widget\" data-widget_type=\"divider.default\">\n\t\t\t\t<div class=\"elementor-widget-container\">\n\t\t\t\t\t\t\t<div class=\"elementor-divider\">\n\t\t\t<span class=\"elementor-divider-separator\">\n\t\t\t\t\t\t<\/span>\n\t\t<\/div>\n\t\t\t\t\t\t<\/div>\n\t\t\t\t<\/div>\n\t\t\t\t<div class=\"elementor-element elementor-element-1dd0bcf elementor-widget elementor-widget-heading\" data-id=\"1dd0bcf\" data-element_type=\"widget\" data-widget_type=\"heading.default\">\n\t\t\t\t<div class=\"elementor-widget-container\">\n\t\t\t\t\t<h3 class=\"elementor-heading-title elementor-size-default\"><a href=\"https:\/\/annalysee.info\/en_gb\/rope-tangle\/\">rope tangle - ein fortlaufender Crashkurs in Suspensions<\/a><\/h3>\t\t\t\t<\/div>\n\t\t\t\t<\/div>\n\t\t\t\t<div class=\"elementor-element elementor-element-eae9482 elementor-widget-divider--view-line elementor-widget elementor-widget-divider\" data-id=\"eae9482\" data-element_type=\"widget\" data-widget_type=\"divider.default\">\n\t\t\t\t<div class=\"elementor-widget-container\">\n\t\t\t\t\t\t\t<div class=\"elementor-divider\">\n\t\t\t<span class=\"elementor-divider-separator\">\n\t\t\t\t\t\t<\/span>\n\t\t<\/div>\n\t\t\t\t\t\t<\/div>\n\t\t\t\t<\/div>\n\t\t\t\t<div class=\"elementor-element elementor-element-8179d77 elementor-widget elementor-widget-heading\" data-id=\"8179d77\" data-element_type=\"widget\" data-widget_type=\"heading.default\">\n\t\t\t\t<div class=\"elementor-widget-container\">\n\t\t\t\t\t<h3 class=\"elementor-heading-title elementor-size-default\"><a href=\"https:\/\/annalysee.info\/en_gb\/one-rope-wonders\/\">ONE ROPE WONDERS \u2013 Kleine Fesselungen mit gro\u00dfer Wirkung<\/a><\/h3>\t\t\t\t<\/div>\n\t\t\t\t<\/div>\n\t\t\t\t<div class=\"elementor-element elementor-element-008eced elementor-widget-divider--view-line elementor-widget elementor-widget-divider\" data-id=\"008eced\" data-element_type=\"widget\" data-widget_type=\"divider.default\">\n\t\t\t\t<div class=\"elementor-widget-container\">\n\t\t\t\t\t\t\t<div class=\"elementor-divider\">\n\t\t\t<span class=\"elementor-divider-separator\">\n\t\t\t\t\t\t<\/span>\n\t\t<\/div>\n\t\t\t\t\t\t<\/div>\n\t\t\t\t<\/div>\n\t\t\t\t<div class=\"elementor-element elementor-element-c0cc988 elementor-widget elementor-widget-heading\" data-id=\"c0cc988\" data-element_type=\"widget\" data-widget_type=\"heading.default\">\n\t\t\t\t<div class=\"elementor-widget-container\">\n\t\t\t\t\t<h3 class=\"elementor-heading-title elementor-size-default\"><a href=\"https:\/\/annalysee.info\/en_gb\/threading-the-unknown\/\">Threading the Unknown \u2013 Seil und das Spiel mit Angst<\/a><\/h3>\t\t\t\t<\/div>\n\t\t\t\t<\/div>\n\t\t\t\t<\/div>\n\t\t\t\t\t<\/div>\n\t\t\t\t<\/div>\n\t\t<div class=\"elementor-element elementor-element-e493110 e-flex e-con-boxed e-con e-child\" data-id=\"e493110\" data-element_type=\"container\">\n\t\t\t\t\t<div class=\"e-con-inner\">\n\t\t<div class=\"elementor-element elementor-element-a919cd1 e-con-full e-flex e-con e-child\" data-id=\"a919cd1\" data-element_type=\"container\">\n\t\t\t\t<div class=\"elementor-element elementor-element-26c418d elementor-widget elementor-widget-heading\" data-id=\"26c418d\" data-element_type=\"widget\" data-widget_type=\"heading.default\">\n\t\t\t\t<div class=\"elementor-widget-container\">\n\t\t\t\t\t<h3 class=\"elementor-heading-title elementor-size-default\">K\u00f6rper\/Psyche<\/h3>\t\t\t\t<\/div>\n\t\t\t\t<\/div>\n\t\t\t\t<\/div>\n\t\t<div class=\"elementor-element elementor-element-e2d0ded e-con-full e-flex e-con e-child\" data-id=\"e2d0ded\" data-element_type=\"container\">\n\t\t\t\t<div class=\"elementor-element elementor-element-910b1ea elementor-widget elementor-widget-heading\" data-id=\"910b1ea\" data-element_type=\"widget\" data-widget_type=\"heading.default\">\n\t\t\t\t<div class=\"elementor-widget-container\">\n\t\t\t\t\t<h3 class=\"elementor-heading-title elementor-size-default\"><a href=\"https:\/\/annalysee.info\/en_gb\/youre-mine\/\">You're Mine!  \u2013 Eifersucht in Beziehungen navigieren<\/a><\/h3>\t\t\t\t<\/div>\n\t\t\t\t<\/div>\n\t\t\t\t<div class=\"elementor-element elementor-element-e6fd069 elementor-widget-divider--view-line elementor-widget elementor-widget-divider\" data-id=\"e6fd069\" data-element_type=\"widget\" data-widget_type=\"divider.default\">\n\t\t\t\t<div class=\"elementor-widget-container\">\n\t\t\t\t\t\t\t<div class=\"elementor-divider\">\n\t\t\t<span class=\"elementor-divider-separator\">\n\t\t\t\t\t\t<\/span>\n\t\t<\/div>\n\t\t\t\t\t\t<\/div>\n\t\t\t\t<\/div>\n\t\t\t\t<div class=\"elementor-element elementor-element-779f447 elementor-widget elementor-widget-heading\" data-id=\"779f447\" data-element_type=\"widget\" data-widget_type=\"heading.default\">\n\t\t\t\t<div class=\"elementor-widget-container\">\n\t\t\t\t\t<h3 class=\"elementor-heading-title elementor-size-default\"><a href=\"https:\/\/annalysee.info\/en_gb\/triggers-drops-and-shitty-communication\/\">Triggers, Drops, and Shitty Communication?? \u2013 Wie man ein sicherer Spielpartner wird<\/a><\/h3>\t\t\t\t<\/div>\n\t\t\t\t<\/div>\n\t\t\t\t<div class=\"elementor-element elementor-element-066caf0 elementor-widget-divider--view-line elementor-widget elementor-widget-divider\" data-id=\"066caf0\" data-element_type=\"widget\" data-widget_type=\"divider.default\">\n\t\t\t\t<div class=\"elementor-widget-container\">\n\t\t\t\t\t\t\t<div class=\"elementor-divider\">\n\t\t\t<span class=\"elementor-divider-separator\">\n\t\t\t\t\t\t<\/span>\n\t\t<\/div>\n\t\t\t\t\t\t<\/div>\n\t\t\t\t<\/div>\n\t\t\t\t<div class=\"elementor-element elementor-element-43d416b elementor-widget elementor-widget-heading\" data-id=\"43d416b\" data-element_type=\"widget\" data-widget_type=\"heading.default\">\n\t\t\t\t<div class=\"elementor-widget-container\">\n\t\t\t\t\t<h3 class=\"elementor-heading-title elementor-size-default\"><a href=\"https:\/\/annalysee.info\/en_gb\/press-pause\/\">Press Pause \u2013 Entspannen lernen mit autogenem Training<\/a><\/h3>\t\t\t\t<\/div>\n\t\t\t\t<\/div>\n\t\t\t\t<div class=\"elementor-element elementor-element-08d3401 elementor-widget-divider--view-line elementor-widget elementor-widget-divider\" data-id=\"08d3401\" data-element_type=\"widget\" data-widget_type=\"divider.default\">\n\t\t\t\t<div class=\"elementor-widget-container\">\n\t\t\t\t\t\t\t<div class=\"elementor-divider\">\n\t\t\t<span class=\"elementor-divider-separator\">\n\t\t\t\t\t\t<\/span>\n\t\t<\/div>\n\t\t\t\t\t\t<\/div>\n\t\t\t\t<\/div>\n\t\t\t\t<div class=\"elementor-element elementor-element-38328f1 elementor-widget elementor-widget-heading\" data-id=\"38328f1\" data-element_type=\"widget\" data-widget_type=\"heading.default\">\n\t\t\t\t<div class=\"elementor-widget-container\">\n\t\t\t\t\t<h3 class=\"elementor-heading-title elementor-size-default\"><a href=\"https:\/\/annalysee.info\/en_gb\/walking-a-fine-line\/\">Walking a Fine Line \u2013 Spiel an der Grenze<\/a><\/h3>\t\t\t\t<\/div>\n\t\t\t\t<\/div>\n\t\t\t\t<div class=\"elementor-element elementor-element-6946e99 elementor-widget-divider--view-line elementor-widget elementor-widget-divider\" data-id=\"6946e99\" data-element_type=\"widget\" data-widget_type=\"divider.default\">\n\t\t\t\t<div class=\"elementor-widget-container\">\n\t\t\t\t\t\t\t<div class=\"elementor-divider\">\n\t\t\t<span class=\"elementor-divider-separator\">\n\t\t\t\t\t\t<\/span>\n\t\t<\/div>\n\t\t\t\t\t\t<\/div>\n\t\t\t\t<\/div>\n\t\t\t\t<div class=\"elementor-element elementor-element-14f395d elementor-widget elementor-widget-heading\" data-id=\"14f395d\" data-element_type=\"widget\" data-widget_type=\"heading.default\">\n\t\t\t\t<div class=\"elementor-widget-container\">\n\t\t\t\t\t<h3 class=\"elementor-heading-title elementor-size-default\"><a href=\"https:\/\/annalysee.info\/en_gb\/from-tension-to-ease\/\">FROM TENSION TO EASE - somatische Wege des Loslassens<\/a><\/h3>\t\t\t\t<\/div>\n\t\t\t\t<\/div>\n\t\t\t\t<\/div>\n\t\t\t\t\t<\/div>\n\t\t\t\t<\/div>\n\t\t\t\t<\/div>\n\t\t\t\t\t<\/div>\n\t\t\t\t<\/div>\n\t\t\t\t<\/div>","protected":false},"excerpt":{"rendered":"<p>workshops &amp; lessons photographer: CarnivorePictures As an licensed educator and seasoned practitioner, I bring years of experience in facilitating workshops and working with groups in ways that are both engaging and process-oriented. My teaching style is lighthearted, responsive, shaped by the people in the room and has a strong emphasis on group interaction as well [&hellip;]<\/p>","protected":false},"author":1,"featured_media":0,"parent":0,"menu_order":0,"comment_status":"closed","ping_status":"closed","template":"","meta":{"site-sidebar-layout":"no-sidebar","site-content-layout":"page-builder","ast-site-content-layout":"full-width-container","site-content-style":"unboxed","site-sidebar-style":"unboxed","ast-global-header-display":"","ast-banner-title-visibility":"","ast-main-header-display":"","ast-hfb-above-header-display":"","ast-hfb-below-header-display":"","ast-hfb-mobile-header-display":"","site-post-title":"disabled","ast-breadcrumbs-content":"disabled","ast-featured-img":"disabled","footer-sml-layout":"","theme-transparent-header-meta":"enabled","adv-header-id-meta":"","stick-header-meta":"","header-above-stick-meta":"","header-main-stick-meta":"","header-below-stick-meta":"","astra-migrate-meta-layouts":"set","ast-page-background-enabled":"default","ast-page-background-meta":{"desktop":{"background-color":"","background-image":"","background-repeat":"repeat","background-position":"center center","background-size":"auto","background-attachment":"scroll","background-type":"","background-media":"","overlay-type":"","overlay-color":"","overlay-opacity":"","overlay-gradient":""},"tablet":{"background-color":"","background-image":"","background-repeat":"repeat","background-position":"center center","background-size":"auto","background-attachment":"scroll","background-type":"","background-media":"","overlay-type":"","overlay-color":"","overlay-opacity":"","overlay-gradient":""},"mobile":{"background-color":"","background-image":"","background-repeat":"repeat","background-position":"center center","background-size":"auto","background-attachment":"scroll","background-type":"","background-media":"","overlay-type":"","overlay-color":"","overlay-opacity":"","overlay-gradient":""}},"ast-content-background-meta":{"desktop":{"background-color":"var(--ast-global-color-5)","background-image":"","background-repeat":"repeat","background-position":"center center","background-size":"auto","background-attachment":"scroll","background-type":"","background-media":"","overlay-type":"","overlay-color":"","overlay-opacity":"","overlay-gradient":""},"tablet":{"background-color":"var(--ast-global-color-5)","background-image":"","background-repeat":"repeat","background-position":"center center","background-size":"auto","background-attachment":"scroll","background-type":"","background-media":"","overlay-type":"","overlay-color":"","overlay-opacity":"","overlay-gradient":""},"mobile":{"background-color":"var(--ast-global-color-5)","background-image":"","background-repeat":"repeat","background-position":"center center","background-size":"auto","background-attachment":"scroll","background-type":"","background-media":"","overlay-type":"","overlay-color":"","overlay-opacity":"","overlay-gradient":""}},"footnotes":""},"class_list":["post-1274","page","type-page","status-publish","hentry"],"_links":{"self":[{"href":"https:\/\/annalysee.info\/de\/wp-json\/wp\/v2\/pages\/1274","targetHints":{"allow":["GET"]}}],"collection":[{"href":"https:\/\/annalysee.info\/de\/wp-json\/wp\/v2\/pages"}],"about":[{"href":"https:\/\/annalysee.info\/de\/wp-json\/wp\/v2\/types\/page"}],"author":[{"embeddable":true,"href":"https:\/\/annalysee.info\/de\/wp-json\/wp\/v2\/users\/1"}],"replies":[{"embeddable":true,"href":"https:\/\/annalysee.info\/de\/wp-json\/wp\/v2\/comments?post=1274"}],"version-history":[{"count":0,"href":"https:\/\/annalysee.info\/de\/wp-json\/wp\/v2\/pages\/1274\/revisions"}],"wp:attachment":[{"href":"https:\/\/annalysee.info\/de\/wp-json\/wp\/v2\/media?parent=1274"}],"curies":[{"name":"wp","href":"https:\/\/api.w.org\/{rel}","templated":true}]}}