{"id":1276,"date":"2025-11-15T22:16:46","date_gmt":"2025-11-15T21:16:46","guid":{"rendered":"https:\/\/annalysee.info\/?page_id=1276"},"modified":"2025-11-16T20:00:31","modified_gmt":"2025-11-16T19:00:31","slug":"youre-mine","status":"publish","type":"page","link":"https:\/\/annalysee.info\/de\/youre-mine\/","title":{"rendered":"You&#8217;re Mine!"},"content":{"rendered":"<div data-elementor-type=\"wp-page\" data-elementor-id=\"1276\" class=\"elementor elementor-1276\">\n\t\t\t\t<div class=\"elementor-element elementor-element-1bf305f e-con-full e-flex e-con e-parent\" data-id=\"1bf305f\" data-element_type=\"container\">\n\t\t<div class=\"elementor-element elementor-element-7a2e5a7 e-con-full e-flex e-con e-child\" data-id=\"7a2e5a7\" data-element_type=\"container\">\n\t\t\t\t<div class=\"elementor-element elementor-element-eb61e11 elementor-widget elementor-widget-heading\" data-id=\"eb61e11\" data-element_type=\"widget\" data-widget_type=\"heading.default\">\n\t\t\t\t<div class=\"elementor-widget-container\">\n\t\t\t\t\t<h1 class=\"elementor-heading-title elementor-size-default\">You're Mine!  \u2013 Eifersucht in Beziehungen navigieren\n<\/h1>\t\t\t\t<\/div>\n\t\t\t\t<\/div>\n\t\t\t\t<div class=\"elementor-element elementor-element-53252d7 elementor-widget elementor-widget-image\" data-id=\"53252d7\" data-element_type=\"widget\" data-widget_type=\"image.default\">\n\t\t\t\t<div class=\"elementor-widget-container\">\n\t\t\t\t\t\t\t\t\t\t\t\t\t\t\t<img fetchpriority=\"high\" decoding=\"async\" width=\"1024\" height=\"684\" src=\"https:\/\/annalysee.info\/wp-content\/uploads\/2025\/11\/image1-1024x684.jpg\" class=\"attachment-large size-large wp-image-1278\" alt=\"\" srcset=\"https:\/\/annalysee.info\/wp-content\/uploads\/2025\/11\/image1-1024x684.jpg 1024w, https:\/\/annalysee.info\/wp-content\/uploads\/2025\/11\/image1-300x200.jpg 300w, https:\/\/annalysee.info\/wp-content\/uploads\/2025\/11\/image1-768x513.jpg 768w, https:\/\/annalysee.info\/wp-content\/uploads\/2025\/11\/image1-18x12.jpg 18w, https:\/\/annalysee.info\/wp-content\/uploads\/2025\/11\/image1.jpg 1104w\" sizes=\"(max-width: 1024px) 100vw, 1024px\" \/>\t\t\t\t\t\t\t\t\t\t\t\t\t\t\t<\/div>\n\t\t\t\t<\/div>\n\t\t\t\t<div class=\"elementor-element elementor-element-d0c7272 elementor-widget elementor-widget-text-editor\" data-id=\"d0c7272\" data-element_type=\"widget\" data-widget_type=\"text-editor.default\">\n\t\t\t\t<div class=\"elementor-widget-container\">\n\t\t\t\t\t\t\t\t\t<p>Photograph: TasteOfTaboo<\/p>\t\t\t\t\t\t\t\t<\/div>\n\t\t\t\t<\/div>\n\t\t\t\t<div class=\"elementor-element elementor-element-161e8dc elementor-widget elementor-widget-text-editor\" data-id=\"161e8dc\" data-element_type=\"widget\" data-widget_type=\"text-editor.default\">\n\t\t\t\t<div class=\"elementor-widget-container\">\n\t\t\t\t\t\t\t\t\t<div class=\"elementor-element elementor-element-643668c elementor-widget elementor-widget-text-editor\" data-id=\"643668c\" data-element_type=\"widget\" data-widget_type=\"text-editor.default\"><div class=\"elementor-widget-container\"><p data-start=\"164\" data-end=\"279\">Eifersucht: unangenehm, intensiv und oft tabu. Aber was w\u00e4re, wenn wir lernen w\u00fcrden, sie zu verstehen, anstatt sie zu vermeiden? Dieser Workshop befasst sich mit den psychologischen Wurzeln der Eifersucht und untersucht, warum sie entsteht und wie sie sich in verschiedenen Beziehungsmodellen auswirkt \u2013 Monogamie, Polyamorie, offene Beziehungen und alles dazwischen. Wir werden uns mit den Annahmen, Erwartungen und emotionalen Mustern befassen, die unsere Erfahrungen mit Verbundenheit und Vergleichen pr\u00e4gen. Durch theoretische Inputs, praktische Werkzeuge und geleitete Diskussionen gewinnst du Einblicke in deine eigenen Reaktionen und erh\u00e4ltst konkrete Strategien, um besser mit Eifersucht umzugehen, sei es deine eigene oder die deines Partners. Erwarte tiefgr\u00fcndige Impulse, ehrliche Gespr\u00e4che und Raum f\u00fcr Reflexion \u00fcber pers\u00f6nliche Herausforderungen in einer wertsch\u00e4tzenden Gruppenumgebung. Hier geht es nicht darum, Gef\u00fchle zu \u201ereparieren\u201d, sondern ihnen mit Klarheit, Neugier und Mitgef\u00fchl zu begegnen.<\/p><\/div><\/div>\t\t\t\t\t\t\t\t<\/div>\n\t\t\t\t<\/div>\n\t\t\t\t<div class=\"elementor-element elementor-element-6521328 elementor-widget-divider--view-line elementor-widget elementor-widget-divider\" data-id=\"6521328\" data-element_type=\"widget\" data-widget_type=\"divider.default\">\n\t\t\t\t<div class=\"elementor-widget-container\">\n\t\t\t\t\t\t\t<div class=\"elementor-divider\">\n\t\t\t<span class=\"elementor-divider-separator\">\n\t\t\t\t\t\t<\/span>\n\t\t<\/div>\n\t\t\t\t\t\t<\/div>\n\t\t\t\t<\/div>\n\t\t\t\t<div class=\"elementor-element elementor-element-10c935b elementor-widget elementor-widget-text-editor\" data-id=\"10c935b\" data-element_type=\"widget\" data-widget_type=\"text-editor.default\">\n\t\t\t\t<div class=\"elementor-widget-container\">\n\t\t\t\t\t\t\t\t\t<p><b>Dauer:<\/b> flexibel \u2013 2 Stunden bis 4 Stunden<\/p><p><b>Niveau: <\/b>nicht anwendbar<\/p><p><b>Voraussetzungen<\/b>: keine<\/p>\t\t\t\t\t\t\t\t<\/div>\n\t\t\t\t<\/div>\n\t\t\t\t<\/div>\n\t\t\t\t<\/div>\n\t\t\t\t<\/div>","protected":false},"excerpt":{"rendered":"<p>You&#8217;re Mine! \u2013 Navigating Jealousy in Relationships photographer: TasteOfTaboo Jealousy: uncomfortable, intense, and often taboo. But what if, instead of avoiding it, we learned to understand it? This workshop dives into the psychological roots of jealousy, exploring why it arises and how it plays out in different relationship models \u2013 monogamy, polyamory, open relationships, and [&hellip;]<\/p>","protected":false},"author":1,"featured_media":0,"parent":0,"menu_order":0,"comment_status":"closed","ping_status":"closed","template":"","meta":{"site-sidebar-layout":"no-sidebar","site-content-layout":"page-builder","ast-site-content-layout":"full-width-container","site-content-style":"unboxed","site-sidebar-style":"unboxed","ast-global-header-display":"","ast-banner-title-visibility":"","ast-main-header-display":"","ast-hfb-above-header-display":"","ast-hfb-below-header-display":"","ast-hfb-mobile-header-display":"","site-post-title":"disabled","ast-breadcrumbs-content":"disabled","ast-featured-img":"disabled","footer-sml-layout":"","theme-transparent-header-meta":"enabled","adv-header-id-meta":"","stick-header-meta":"","header-above-stick-meta":"","header-main-stick-meta":"","header-below-stick-meta":"","astra-migrate-meta-layouts":"set","ast-page-background-enabled":"default","ast-page-background-meta":{"desktop":{"background-color":"","background-image":"","background-repeat":"repeat","background-position":"center center","background-size":"auto","background-attachment":"scroll","background-type":"","background-media":"","overlay-type":"","overlay-color":"","overlay-opacity":"","overlay-gradient":""},"tablet":{"background-color":"","background-image":"","background-repeat":"repeat","background-position":"center center","background-size":"auto","background-attachment":"scroll","background-type":"","background-media":"","overlay-type":"","overlay-color":"","overlay-opacity":"","overlay-gradient":""},"mobile":{"background-color":"","background-image":"","background-repeat":"repeat","background-position":"center center","background-size":"auto","background-attachment":"scroll","background-type":"","background-media":"","overlay-type":"","overlay-color":"","overlay-opacity":"","overlay-gradient":""}},"ast-content-background-meta":{"desktop":{"background-color":"var(--ast-global-color-5)","background-image":"","background-repeat":"repeat","background-position":"center center","background-size":"auto","background-attachment":"scroll","background-type":"","background-media":"","overlay-type":"","overlay-color":"","overlay-opacity":"","overlay-gradient":""},"tablet":{"background-color":"var(--ast-global-color-5)","background-image":"","background-repeat":"repeat","background-position":"center center","background-size":"auto","background-attachment":"scroll","background-type":"","background-media":"","overlay-type":"","overlay-color":"","overlay-opacity":"","overlay-gradient":""},"mobile":{"background-color":"var(--ast-global-color-5)","background-image":"","background-repeat":"repeat","background-position":"center center","background-size":"auto","background-attachment":"scroll","background-type":"","background-media":"","overlay-type":"","overlay-color":"","overlay-opacity":"","overlay-gradient":""}},"footnotes":""},"class_list":["post-1276","page","type-page","status-publish","hentry"],"_links":{"self":[{"href":"https:\/\/annalysee.info\/de\/wp-json\/wp\/v2\/pages\/1276","targetHints":{"allow":["GET"]}}],"collection":[{"href":"https:\/\/annalysee.info\/de\/wp-json\/wp\/v2\/pages"}],"about":[{"href":"https:\/\/annalysee.info\/de\/wp-json\/wp\/v2\/types\/page"}],"author":[{"embeddable":true,"href":"https:\/\/annalysee.info\/de\/wp-json\/wp\/v2\/users\/1"}],"replies":[{"embeddable":true,"href":"https:\/\/annalysee.info\/de\/wp-json\/wp\/v2\/comments?post=1276"}],"version-history":[{"count":0,"href":"https:\/\/annalysee.info\/de\/wp-json\/wp\/v2\/pages\/1276\/revisions"}],"wp:attachment":[{"href":"https:\/\/annalysee.info\/de\/wp-json\/wp\/v2\/media?parent=1276"}],"curies":[{"name":"wp","href":"https:\/\/api.w.org\/{rel}","templated":true}]}}