{"id":1288,"date":"2025-11-15T22:32:18","date_gmt":"2025-11-15T21:32:18","guid":{"rendered":"https:\/\/annalysee.info\/?page_id=1288"},"modified":"2025-11-16T19:37:05","modified_gmt":"2025-11-16T18:37:05","slug":"build-a-harness","status":"publish","type":"page","link":"https:\/\/annalysee.info\/de\/build-a-harness\/","title":{"rendered":"BUILD-A-HARNESS"},"content":{"rendered":"<div data-elementor-type=\"wp-page\" data-elementor-id=\"1288\" class=\"elementor elementor-1288\">\n\t\t\t\t<div class=\"elementor-element elementor-element-1bf305f e-con-full e-flex e-con e-parent\" data-id=\"1bf305f\" data-element_type=\"container\">\n\t\t<div class=\"elementor-element elementor-element-7a2e5a7 e-con-full e-flex e-con e-child\" data-id=\"7a2e5a7\" data-element_type=\"container\">\n\t\t\t\t<div class=\"elementor-element elementor-element-eb61e11 elementor-widget elementor-widget-heading\" data-id=\"eb61e11\" data-element_type=\"widget\" data-widget_type=\"heading.default\">\n\t\t\t\t<div class=\"elementor-widget-container\">\n\t\t\t\t\t<h1 class=\"elementor-heading-title elementor-size-default\">BUILD-A-HARNESS \u2013 Von Seilchaos zu funktionaler Form\n<\/h1>\t\t\t\t<\/div>\n\t\t\t\t<\/div>\n\t\t\t\t<div class=\"elementor-element elementor-element-53252d7 elementor-widget elementor-widget-image\" data-id=\"53252d7\" data-element_type=\"widget\" data-widget_type=\"image.default\">\n\t\t\t\t<div class=\"elementor-widget-container\">\n\t\t\t\t\t\t\t\t\t\t\t\t\t\t\t<img fetchpriority=\"high\" decoding=\"async\" width=\"1024\" height=\"683\" src=\"https:\/\/annalysee.info\/wp-content\/uploads\/2025\/11\/image3-1024x683.jpg\" class=\"attachment-large size-large wp-image-1290\" alt=\"\" srcset=\"https:\/\/annalysee.info\/wp-content\/uploads\/2025\/11\/image3-1024x683.jpg 1024w, https:\/\/annalysee.info\/wp-content\/uploads\/2025\/11\/image3-300x200.jpg 300w, https:\/\/annalysee.info\/wp-content\/uploads\/2025\/11\/image3-768x512.jpg 768w, https:\/\/annalysee.info\/wp-content\/uploads\/2025\/11\/image3-1536x1024.jpg 1536w, https:\/\/annalysee.info\/wp-content\/uploads\/2025\/11\/image3-2048x1365.jpg 2048w, https:\/\/annalysee.info\/wp-content\/uploads\/2025\/11\/image3-18x12.jpg 18w\" sizes=\"(max-width: 1024px) 100vw, 1024px\" \/>\t\t\t\t\t\t\t\t\t\t\t\t\t\t\t<\/div>\n\t\t\t\t<\/div>\n\t\t\t\t<div class=\"elementor-element elementor-element-7cbccd6 elementor-widget elementor-widget-text-editor\" data-id=\"7cbccd6\" data-element_type=\"widget\" data-widget_type=\"text-editor.default\">\n\t\t\t\t<div class=\"elementor-widget-container\">\n\t\t\t\t\t\t\t\t\t<p>photographer: HentieRopes<\/p>\t\t\t\t\t\t\t\t<\/div>\n\t\t\t\t<\/div>\n\t\t\t\t<div class=\"elementor-element elementor-element-161e8dc elementor-widget elementor-widget-text-editor\" data-id=\"161e8dc\" data-element_type=\"widget\" data-widget_type=\"text-editor.default\">\n\t\t\t\t<div class=\"elementor-widget-container\">\n\t\t\t\t\t\t\t\t\t<p>Dieser praktische Workshop f\u00fchrt dich durch den Prozess der Herstellung deiner eigenen Oberk\u00f6rperfesselung \u2013 angefangen beim Chaos bis hin zur Struktur. Du lernst, wie du intuitiv mit Spannung, Wraps und K\u00f6rpermechanik arbeitest, um stabilisierende Formen zu schaffen.<\/p><p>Wir beginnen mit chaotischen Ein-Seil-Harnessen und entwickeln sie zu soliden Formen, die auf dem Boden \u2013 oder sogar in der Luft \u2013 funktionieren. Es geht um den kreativen Prozess, technisches Bewusstsein und das Hinh\u00f6ren auf den K\u00f6rper, den du fesselst.<\/p>\t\t\t\t\t\t\t\t<\/div>\n\t\t\t\t<\/div>\n\t\t\t\t<div class=\"elementor-element elementor-element-6521328 elementor-widget-divider--view-line elementor-widget elementor-widget-divider\" data-id=\"6521328\" data-element_type=\"widget\" data-widget_type=\"divider.default\">\n\t\t\t\t<div class=\"elementor-widget-container\">\n\t\t\t\t\t\t\t<div class=\"elementor-divider\">\n\t\t\t<span class=\"elementor-divider-separator\">\n\t\t\t\t\t\t<\/span>\n\t\t<\/div>\n\t\t\t\t\t\t<\/div>\n\t\t\t\t<\/div>\n\t\t\t\t<div class=\"elementor-element elementor-element-10c935b elementor-widget elementor-widget-text-editor\" data-id=\"10c935b\" data-element_type=\"widget\" data-widget_type=\"text-editor.default\">\n\t\t\t\t<div class=\"elementor-widget-container\">\n\t\t\t\t\t\t\t\t\t<p><b>Dauer:<\/b> flexibel \u2013 3 Stunden bis 7 Stunden<\/p><p><b>Niveau: <\/b>Fortgeschrittene<\/p><p><b>Voraussetzungen<\/b>Solide Kenntnisse \u00fcber Knoten, Spannung und Sicherheit bez\u00fcglich Oberk\u00f6rperfesselungen<\/p><p><b>zus\u00e4tzliche Infos: <\/b>Partner-Workshop<\/p>\t\t\t\t\t\t\t\t<\/div>\n\t\t\t\t<\/div>\n\t\t\t\t<\/div>\n\t\t\t\t<\/div>\n\t\t\t\t<\/div>","protected":false},"excerpt":{"rendered":"<p>BUILD-A-HARNESS \u2013 From rope chaos to functional form photographer: HentieRopes This hands-on workshop guides you in creating your own chest harness &#8211; starting from chaos and evolving into structure. You\u2019ll explore how to work intuitively with tension, wraps, and body mechanics to build stabilizing shapes. We\u2019ll start with one-rope chaos harnesses and develop them into [&hellip;]<\/p>","protected":false},"author":1,"featured_media":0,"parent":0,"menu_order":0,"comment_status":"closed","ping_status":"closed","template":"","meta":{"site-sidebar-layout":"no-sidebar","site-content-layout":"page-builder","ast-site-content-layout":"full-width-container","site-content-style":"unboxed","site-sidebar-style":"unboxed","ast-global-header-display":"","ast-banner-title-visibility":"","ast-main-header-display":"","ast-hfb-above-header-display":"","ast-hfb-below-header-display":"","ast-hfb-mobile-header-display":"","site-post-title":"disabled","ast-breadcrumbs-content":"disabled","ast-featured-img":"disabled","footer-sml-layout":"","theme-transparent-header-meta":"enabled","adv-header-id-meta":"","stick-header-meta":"","header-above-stick-meta":"","header-main-stick-meta":"","header-below-stick-meta":"","astra-migrate-meta-layouts":"set","ast-page-background-enabled":"default","ast-page-background-meta":{"desktop":{"background-color":"","background-image":"","background-repeat":"repeat","background-position":"center center","background-size":"auto","background-attachment":"scroll","background-type":"","background-media":"","overlay-type":"","overlay-color":"","overlay-opacity":"","overlay-gradient":""},"tablet":{"background-color":"","background-image":"","background-repeat":"repeat","background-position":"center center","background-size":"auto","background-attachment":"scroll","background-type":"","background-media":"","overlay-type":"","overlay-color":"","overlay-opacity":"","overlay-gradient":""},"mobile":{"background-color":"","background-image":"","background-repeat":"repeat","background-position":"center center","background-size":"auto","background-attachment":"scroll","background-type":"","background-media":"","overlay-type":"","overlay-color":"","overlay-opacity":"","overlay-gradient":""}},"ast-content-background-meta":{"desktop":{"background-color":"var(--ast-global-color-5)","background-image":"","background-repeat":"repeat","background-position":"center center","background-size":"auto","background-attachment":"scroll","background-type":"","background-media":"","overlay-type":"","overlay-color":"","overlay-opacity":"","overlay-gradient":""},"tablet":{"background-color":"var(--ast-global-color-5)","background-image":"","background-repeat":"repeat","background-position":"center center","background-size":"auto","background-attachment":"scroll","background-type":"","background-media":"","overlay-type":"","overlay-color":"","overlay-opacity":"","overlay-gradient":""},"mobile":{"background-color":"var(--ast-global-color-5)","background-image":"","background-repeat":"repeat","background-position":"center center","background-size":"auto","background-attachment":"scroll","background-type":"","background-media":"","overlay-type":"","overlay-color":"","overlay-opacity":"","overlay-gradient":""}},"footnotes":""},"class_list":["post-1288","page","type-page","status-publish","hentry"],"_links":{"self":[{"href":"https:\/\/annalysee.info\/de\/wp-json\/wp\/v2\/pages\/1288","targetHints":{"allow":["GET"]}}],"collection":[{"href":"https:\/\/annalysee.info\/de\/wp-json\/wp\/v2\/pages"}],"about":[{"href":"https:\/\/annalysee.info\/de\/wp-json\/wp\/v2\/types\/page"}],"author":[{"embeddable":true,"href":"https:\/\/annalysee.info\/de\/wp-json\/wp\/v2\/users\/1"}],"replies":[{"embeddable":true,"href":"https:\/\/annalysee.info\/de\/wp-json\/wp\/v2\/comments?post=1288"}],"version-history":[{"count":0,"href":"https:\/\/annalysee.info\/de\/wp-json\/wp\/v2\/pages\/1288\/revisions"}],"wp:attachment":[{"href":"https:\/\/annalysee.info\/de\/wp-json\/wp\/v2\/media?parent=1288"}],"curies":[{"name":"wp","href":"https:\/\/api.w.org\/{rel}","templated":true}]}}