{"id":1294,"date":"2025-11-15T22:38:11","date_gmt":"2025-11-15T21:38:11","guid":{"rendered":"https:\/\/annalysee.info\/?page_id=1294"},"modified":"2025-11-16T19:34:28","modified_gmt":"2025-11-16T18:34:28","slug":"beyond-the-frame","status":"publish","type":"page","link":"https:\/\/annalysee.info\/de\/beyond-the-frame\/","title":{"rendered":"BEYOND THE FRAME"},"content":{"rendered":"<div data-elementor-type=\"wp-page\" data-elementor-id=\"1294\" class=\"elementor elementor-1294\">\n\t\t\t\t<div class=\"elementor-element elementor-element-1bf305f e-con-full e-flex e-con e-parent\" data-id=\"1bf305f\" data-element_type=\"container\">\n\t\t<div class=\"elementor-element elementor-element-7a2e5a7 e-con-full e-flex e-con e-child\" data-id=\"7a2e5a7\" data-element_type=\"container\">\n\t\t\t\t<div class=\"elementor-element elementor-element-eb61e11 elementor-widget elementor-widget-heading\" data-id=\"eb61e11\" data-element_type=\"widget\" data-widget_type=\"heading.default\">\n\t\t\t\t<div class=\"elementor-widget-container\">\n\t\t\t\t\t<h1 class=\"elementor-heading-title elementor-size-default\">BEYOND THE FRAME \u2013 3D-Suspensions entdecken<\/h1>\t\t\t\t<\/div>\n\t\t\t\t<\/div>\n\t\t\t\t<div class=\"elementor-element elementor-element-53252d7 elementor-widget elementor-widget-image\" data-id=\"53252d7\" data-element_type=\"widget\" data-widget_type=\"image.default\">\n\t\t\t\t<div class=\"elementor-widget-container\">\n\t\t\t\t\t\t\t\t\t\t\t\t\t\t\t<img fetchpriority=\"high\" decoding=\"async\" width=\"768\" height=\"1024\" src=\"https:\/\/annalysee.info\/wp-content\/uploads\/2025\/11\/image4-768x1024.jpg\" class=\"attachment-large size-large wp-image-1296\" alt=\"\" srcset=\"https:\/\/annalysee.info\/wp-content\/uploads\/2025\/11\/image4-768x1024.jpg 768w, https:\/\/annalysee.info\/wp-content\/uploads\/2025\/11\/image4-225x300.jpg 225w, https:\/\/annalysee.info\/wp-content\/uploads\/2025\/11\/image4-9x12.jpg 9w, https:\/\/annalysee.info\/wp-content\/uploads\/2025\/11\/image4.jpg 960w\" sizes=\"(max-width: 768px) 100vw, 768px\" \/>\t\t\t\t\t\t\t\t\t\t\t\t\t\t\t<\/div>\n\t\t\t\t<\/div>\n\t\t\t\t<div class=\"elementor-element elementor-element-2653286 elementor-widget elementor-widget-text-editor\" data-id=\"2653286\" data-element_type=\"widget\" data-widget_type=\"text-editor.default\">\n\t\t\t\t<div class=\"elementor-widget-container\">\n\t\t\t\t\t\t\t\t\t<p>Photograph: J.<\/p>\t\t\t\t\t\t\t\t<\/div>\n\t\t\t\t<\/div>\n\t\t\t\t<div class=\"elementor-element elementor-element-161e8dc elementor-widget elementor-widget-text-editor\" data-id=\"161e8dc\" data-element_type=\"widget\" data-widget_type=\"text-editor.default\">\n\t\t\t\t<div class=\"elementor-widget-container\">\n\t\t\t\t\t\t\t\t\t<p>Dieser Workshop l\u00e4dt dich dazu ein, \u00fcber statische Suspensionen hinauszugehen und die M\u00f6glichkeiten von Fluss und r\u00e4umlichem Spiel rund um den Bambus zu entdecken. Ein zentraler Schwerpunkt des Workshops liegt darauf, zu erforschen, wie K\u00f6rper in Bezug auf den Bambus auf wirklich dreidimensionale Weise platziert und gefesselt werden k\u00f6nnen \u2013 nicht einfach parallel zu seiner L\u00e4nge, sondern in markanten 90\u00b0-Winkeln gedreht, die sowohl die visuelle Wirkung als auch die k\u00f6rperliche Erfahrung der Suspension ver\u00e4ndern. Diese achsenversetzten Platzierungen er\u00f6ffnen neue Dimensionen, fordern Balance und Schwerkraft heraus, schaffen skulpturale Linien im Raum und laden zu einem neuen Dialog zwischen Seil, Bambus und K\u00f6rper ein.<\/p><p>Wir werden untersuchen, wie solche Formen aufgebaut und aufrechterhalten werden k\u00f6nnen, welche Arten von Harnessen und Seilplatzierungen sie unterst\u00fctzen, wie man den Schwerpunkt des K\u00f6rpers verlagern kann, ohne die Stabilit\u00e4t zu verlieren, und wie man den Bambus selbst als Ankerpunkt nutzen kann, um die Form zu lenken oder zu \u00fcbersteigern. Au\u00dferdem werden wir erkunden, wie man von einer parallelen Position in 3D \u00fcbergehen kann, wie man sanft von einer skulpturalen Form zu etwas Neuem \u00fcbergeht und wie man den Weg zwischen den Positionen genauso bedeutungsvoll gestalten kann wie die endg\u00fcltige Form.<\/p><p>Eine Demonstration wird Inspiration liefern und verschiedene M\u00f6glichkeiten aufzeigen, wie Bambus in Interaktion mit dem K\u00f6rper als dynamischer Partner bei der Schaffung von Bildern, Perspektiven und Bewegungen betrachtet werden kann. Dann bist du an der Reihe, selbst zu experimentieren und zu testen, wie Seil, K\u00f6rper und Bambus miteinander interagieren, wie du deine eigenen Wege in und aus dreidimensionalen Positionen finden kannst und welchen Einfluss verschiedene Patterns und Techniken auf Stabilit\u00e4t und Fluss haben.<\/p>\t\t\t\t\t\t\t\t<\/div>\n\t\t\t\t<\/div>\n\t\t\t\t<div class=\"elementor-element elementor-element-6521328 elementor-widget-divider--view-line elementor-widget elementor-widget-divider\" data-id=\"6521328\" data-element_type=\"widget\" data-widget_type=\"divider.default\">\n\t\t\t\t<div class=\"elementor-widget-container\">\n\t\t\t\t\t\t\t<div class=\"elementor-divider\">\n\t\t\t<span class=\"elementor-divider-separator\">\n\t\t\t\t\t\t<\/span>\n\t\t<\/div>\n\t\t\t\t\t\t<\/div>\n\t\t\t\t<\/div>\n\t\t\t\t<div class=\"elementor-element elementor-element-10c935b elementor-widget elementor-widget-text-editor\" data-id=\"10c935b\" data-element_type=\"widget\" data-widget_type=\"text-editor.default\">\n\t\t\t\t<div class=\"elementor-widget-container\">\n\t\t\t\t\t\t\t\t\t<p><b>Dauer:<\/b> flexibel \u2013 5 Stunden bis 7 Stunden<\/p><p><b>Niveau: <\/b>Fortgeschrittene<\/p><p><b>Voraussetzungen<\/b>: fundierte Erfahrung mit Suspensions, verl\u00e4ssliche Kenntnisse \u00fcber sichere Aufh\u00e4ngungen am Bambus und Erfahrung mit Oberk\u00f6rper-\/H\u00fcftharnessen<\/p><p><b>zus\u00e4tzliche Infos: <\/b>Partner-Workshop<\/p>\t\t\t\t\t\t\t\t<\/div>\n\t\t\t\t<\/div>\n\t\t\t\t<\/div>\n\t\t\t\t<\/div>\n\t\t\t\t<\/div>","protected":false},"excerpt":{"rendered":"<p>BEYOND THE FRAME \u2013 Exploring 3D Suspensions photographer: J. This workshop invites you to move beyond static suspensions and discover the possibilities of flow and spatial play around the bamboo. A central focus of the workshop lies in exploring how bodies can be placed and tied in relation to the bamboo in a truly three-dimensional [&hellip;]<\/p>","protected":false},"author":1,"featured_media":0,"parent":0,"menu_order":0,"comment_status":"closed","ping_status":"closed","template":"","meta":{"site-sidebar-layout":"no-sidebar","site-content-layout":"page-builder","ast-site-content-layout":"full-width-container","site-content-style":"unboxed","site-sidebar-style":"unboxed","ast-global-header-display":"","ast-banner-title-visibility":"","ast-main-header-display":"","ast-hfb-above-header-display":"","ast-hfb-below-header-display":"","ast-hfb-mobile-header-display":"","site-post-title":"disabled","ast-breadcrumbs-content":"disabled","ast-featured-img":"disabled","footer-sml-layout":"","theme-transparent-header-meta":"enabled","adv-header-id-meta":"","stick-header-meta":"","header-above-stick-meta":"","header-main-stick-meta":"","header-below-stick-meta":"","astra-migrate-meta-layouts":"set","ast-page-background-enabled":"default","ast-page-background-meta":{"desktop":{"background-color":"","background-image":"","background-repeat":"repeat","background-position":"center center","background-size":"auto","background-attachment":"scroll","background-type":"","background-media":"","overlay-type":"","overlay-color":"","overlay-opacity":"","overlay-gradient":""},"tablet":{"background-color":"","background-image":"","background-repeat":"repeat","background-position":"center center","background-size":"auto","background-attachment":"scroll","background-type":"","background-media":"","overlay-type":"","overlay-color":"","overlay-opacity":"","overlay-gradient":""},"mobile":{"background-color":"","background-image":"","background-repeat":"repeat","background-position":"center center","background-size":"auto","background-attachment":"scroll","background-type":"","background-media":"","overlay-type":"","overlay-color":"","overlay-opacity":"","overlay-gradient":""}},"ast-content-background-meta":{"desktop":{"background-color":"var(--ast-global-color-5)","background-image":"","background-repeat":"repeat","background-position":"center center","background-size":"auto","background-attachment":"scroll","background-type":"","background-media":"","overlay-type":"","overlay-color":"","overlay-opacity":"","overlay-gradient":""},"tablet":{"background-color":"var(--ast-global-color-5)","background-image":"","background-repeat":"repeat","background-position":"center center","background-size":"auto","background-attachment":"scroll","background-type":"","background-media":"","overlay-type":"","overlay-color":"","overlay-opacity":"","overlay-gradient":""},"mobile":{"background-color":"var(--ast-global-color-5)","background-image":"","background-repeat":"repeat","background-position":"center center","background-size":"auto","background-attachment":"scroll","background-type":"","background-media":"","overlay-type":"","overlay-color":"","overlay-opacity":"","overlay-gradient":""}},"footnotes":""},"class_list":["post-1294","page","type-page","status-publish","hentry"],"_links":{"self":[{"href":"https:\/\/annalysee.info\/de\/wp-json\/wp\/v2\/pages\/1294","targetHints":{"allow":["GET"]}}],"collection":[{"href":"https:\/\/annalysee.info\/de\/wp-json\/wp\/v2\/pages"}],"about":[{"href":"https:\/\/annalysee.info\/de\/wp-json\/wp\/v2\/types\/page"}],"author":[{"embeddable":true,"href":"https:\/\/annalysee.info\/de\/wp-json\/wp\/v2\/users\/1"}],"replies":[{"embeddable":true,"href":"https:\/\/annalysee.info\/de\/wp-json\/wp\/v2\/comments?post=1294"}],"version-history":[{"count":0,"href":"https:\/\/annalysee.info\/de\/wp-json\/wp\/v2\/pages\/1294\/revisions"}],"wp:attachment":[{"href":"https:\/\/annalysee.info\/de\/wp-json\/wp\/v2\/media?parent=1294"}],"curies":[{"name":"wp","href":"https:\/\/api.w.org\/{rel}","templated":true}]}}