{"id":1315,"date":"2025-11-16T17:52:47","date_gmt":"2025-11-16T16:52:47","guid":{"rendered":"https:\/\/annalysee.info\/?page_id=1315"},"modified":"2025-11-16T20:05:45","modified_gmt":"2025-11-16T19:05:45","slug":"rope-tangle","status":"publish","type":"page","link":"https:\/\/annalysee.info\/de\/rope-tangle\/","title":{"rendered":"rope tangle"},"content":{"rendered":"<div data-elementor-type=\"wp-page\" data-elementor-id=\"1315\" class=\"elementor elementor-1315\">\n\t\t\t\t<div class=\"elementor-element elementor-element-1bf305f e-con-full e-flex e-con e-parent\" data-id=\"1bf305f\" data-element_type=\"container\">\n\t\t<div class=\"elementor-element elementor-element-7a2e5a7 e-con-full e-flex e-con e-child\" data-id=\"7a2e5a7\" data-element_type=\"container\">\n\t\t\t\t<div class=\"elementor-element elementor-element-eb61e11 elementor-widget elementor-widget-heading\" data-id=\"eb61e11\" data-element_type=\"widget\" data-widget_type=\"heading.default\">\n\t\t\t\t<div class=\"elementor-widget-container\">\n\t\t\t\t\t<h1 class=\"elementor-heading-title elementor-size-default\">rope tangle - ein fortlaufender Crashkurs in Suspensions\n<\/h1>\t\t\t\t<\/div>\n\t\t\t\t<\/div>\n\t\t\t\t<div class=\"elementor-element elementor-element-53252d7 elementor-widget elementor-widget-image\" data-id=\"53252d7\" data-element_type=\"widget\" data-widget_type=\"image.default\">\n\t\t\t\t<div class=\"elementor-widget-container\">\n\t\t\t\t\t\t\t\t\t\t\t\t\t\t\t<img fetchpriority=\"high\" decoding=\"async\" width=\"683\" height=\"1024\" src=\"https:\/\/annalysee.info\/wp-content\/uploads\/2025\/11\/image13-683x1024.jpg\" class=\"attachment-large size-large wp-image-1409\" alt=\"\" srcset=\"https:\/\/annalysee.info\/wp-content\/uploads\/2025\/11\/image13-683x1024.jpg 683w, https:\/\/annalysee.info\/wp-content\/uploads\/2025\/11\/image13-200x300.jpg 200w, https:\/\/annalysee.info\/wp-content\/uploads\/2025\/11\/image13-768x1152.jpg 768w, https:\/\/annalysee.info\/wp-content\/uploads\/2025\/11\/image13-1024x1536.jpg 1024w, https:\/\/annalysee.info\/wp-content\/uploads\/2025\/11\/image13-1366x2048.jpg 1366w, https:\/\/annalysee.info\/wp-content\/uploads\/2025\/11\/image13-8x12.jpg 8w, https:\/\/annalysee.info\/wp-content\/uploads\/2025\/11\/image13-scaled.jpg 1707w\" sizes=\"(max-width: 683px) 100vw, 683px\" \/>\t\t\t\t\t\t\t\t\t\t\t\t\t\t\t<\/div>\n\t\t\t\t<\/div>\n\t\t\t\t<div class=\"elementor-element elementor-element-d527b56 elementor-widget elementor-widget-text-editor\" data-id=\"d527b56\" data-element_type=\"widget\" data-widget_type=\"text-editor.default\">\n\t\t\t\t<div class=\"elementor-widget-container\">\n\t\t\t\t\t\t\t\t\t<p>Photograph: MichaStella<\/p>\t\t\t\t\t\t\t\t<\/div>\n\t\t\t\t<\/div>\n\t\t\t\t<div class=\"elementor-element elementor-element-161e8dc elementor-widget elementor-widget-text-editor\" data-id=\"161e8dc\" data-element_type=\"widget\" data-widget_type=\"text-editor.default\">\n\t\t\t\t<div class=\"elementor-widget-container\">\n\t\t\t\t\t\t\t\t\t<p data-start=\"141\" data-end=\"557\">Du beherrschst Bodenarbeit und einfache Strukturen und bist nun bereit f\u00fcr den n\u00e4chsten Schritt in Richtung Suspension? Du m\u00f6chtest deine technische Pr\u00e4zision verbessern, dein Verst\u00e4ndnis der Seilmechanik vertiefen und die theoretischen Grundlagen erforschen, die dein Fesseln bewusster und dynamischer machen? Du lernst schnell, \u00fcbst regelm\u00e4\u00dfig und suchst nach einem Kurs, der deinem Tempo und deiner Neugierde entspricht? Dann ist dieser Kurs genau das Richtige f\u00fcr dich!<\/p><p data-start=\"589\" data-end=\"993\">Wir starten mit der Verfeinerung von grundlegenden Pattern, wobei wir uns intensiv mit Details, Struktur und sicheren Mechanismen befassen. Au\u00dferdem werden wir wichtige theoretische Aspekte untersuchen, die f\u00fcr das Praktizieren mit Seilen relevant sind. Auf dieser Grundlage sammelst du erste Suspensionserfahrungen, lernst, wie du unterschiedliche Dynamiken erzeugen kannst, und entdeckst M\u00f6glichkeiten, deine Sessions spielerischer, ausdrucksst\u00e4rker und einzigartiger zu gestalten. Jeder Schritt kombiniert gezielte Inputs (sowohl praktische als auch theoretische) mit freier \u00dcbungszeit.<\/p>\t\t\t\t\t\t\t\t<\/div>\n\t\t\t\t<\/div>\n\t\t\t\t<div class=\"elementor-element elementor-element-6521328 elementor-widget-divider--view-line elementor-widget elementor-widget-divider\" data-id=\"6521328\" data-element_type=\"widget\" data-widget_type=\"divider.default\">\n\t\t\t\t<div class=\"elementor-widget-container\">\n\t\t\t\t\t\t\t<div class=\"elementor-divider\">\n\t\t\t<span class=\"elementor-divider-separator\">\n\t\t\t\t\t\t<\/span>\n\t\t<\/div>\n\t\t\t\t\t\t<\/div>\n\t\t\t\t<\/div>\n\t\t\t\t<div class=\"elementor-element elementor-element-10c935b elementor-widget elementor-widget-text-editor\" data-id=\"10c935b\" data-element_type=\"widget\" data-widget_type=\"text-editor.default\">\n\t\t\t\t<div class=\"elementor-widget-container\">\n\t\t\t\t\t\t\t\t\t<p><b>Dauer:<\/b> flexibel \u2013  1 bis 3 ganzt\u00e4gige Workshops oder (zwei-)w\u00f6chentliche Veranstaltungsreihe (4 bis 10 Treffen \u00e0 3 bis 5 Stunden)<\/p><p><b>Niveau: <\/b>Fortgeschrittene<\/p><p><b>Voraussetzungen<\/b>: Fundierte Kenntnisse grundlegender Pattern, single and double column ties, fundiertes Verst\u00e4ndnis von Seilhandling und grundlegender Mechaniken des Fesselns, Erfahrung mit Bodenarbeit<\/p><p><b>zus\u00e4tzliche Infos: <\/b>Partner-Workshop<\/p>\t\t\t\t\t\t\t\t<\/div>\n\t\t\t\t<\/div>\n\t\t\t\t<\/div>\n\t\t\t\t<\/div>\n\t\t\t\t<\/div>","protected":false},"excerpt":{"rendered":"<p>rope tangle &#8211; a (consecutive) crash course into suspensions photographer: MichaStella You\u2019re confident with floorwork and simple patterns, and now you\u2019re ready to take the next step toward suspension? You want to sharpen your technical precision, deepen your understanding of rope mechanics, and explore the theoretical foundations that make your tying more intentional and dynamic? [&hellip;]<\/p>","protected":false},"author":1,"featured_media":0,"parent":0,"menu_order":0,"comment_status":"closed","ping_status":"closed","template":"","meta":{"site-sidebar-layout":"no-sidebar","site-content-layout":"page-builder","ast-site-content-layout":"full-width-container","site-content-style":"unboxed","site-sidebar-style":"unboxed","ast-global-header-display":"","ast-banner-title-visibility":"","ast-main-header-display":"","ast-hfb-above-header-display":"","ast-hfb-below-header-display":"","ast-hfb-mobile-header-display":"","site-post-title":"disabled","ast-breadcrumbs-content":"disabled","ast-featured-img":"disabled","footer-sml-layout":"","theme-transparent-header-meta":"enabled","adv-header-id-meta":"","stick-header-meta":"","header-above-stick-meta":"","header-main-stick-meta":"","header-below-stick-meta":"","astra-migrate-meta-layouts":"set","ast-page-background-enabled":"default","ast-page-background-meta":{"desktop":{"background-color":"","background-image":"","background-repeat":"repeat","background-position":"center center","background-size":"auto","background-attachment":"scroll","background-type":"","background-media":"","overlay-type":"","overlay-color":"","overlay-opacity":"","overlay-gradient":""},"tablet":{"background-color":"","background-image":"","background-repeat":"repeat","background-position":"center center","background-size":"auto","background-attachment":"scroll","background-type":"","background-media":"","overlay-type":"","overlay-color":"","overlay-opacity":"","overlay-gradient":""},"mobile":{"background-color":"","background-image":"","background-repeat":"repeat","background-position":"center center","background-size":"auto","background-attachment":"scroll","background-type":"","background-media":"","overlay-type":"","overlay-color":"","overlay-opacity":"","overlay-gradient":""}},"ast-content-background-meta":{"desktop":{"background-color":"var(--ast-global-color-5)","background-image":"","background-repeat":"repeat","background-position":"center center","background-size":"auto","background-attachment":"scroll","background-type":"","background-media":"","overlay-type":"","overlay-color":"","overlay-opacity":"","overlay-gradient":""},"tablet":{"background-color":"var(--ast-global-color-5)","background-image":"","background-repeat":"repeat","background-position":"center center","background-size":"auto","background-attachment":"scroll","background-type":"","background-media":"","overlay-type":"","overlay-color":"","overlay-opacity":"","overlay-gradient":""},"mobile":{"background-color":"var(--ast-global-color-5)","background-image":"","background-repeat":"repeat","background-position":"center center","background-size":"auto","background-attachment":"scroll","background-type":"","background-media":"","overlay-type":"","overlay-color":"","overlay-opacity":"","overlay-gradient":""}},"footnotes":""},"class_list":["post-1315","page","type-page","status-publish","hentry"],"_links":{"self":[{"href":"https:\/\/annalysee.info\/de\/wp-json\/wp\/v2\/pages\/1315","targetHints":{"allow":["GET"]}}],"collection":[{"href":"https:\/\/annalysee.info\/de\/wp-json\/wp\/v2\/pages"}],"about":[{"href":"https:\/\/annalysee.info\/de\/wp-json\/wp\/v2\/types\/page"}],"author":[{"embeddable":true,"href":"https:\/\/annalysee.info\/de\/wp-json\/wp\/v2\/users\/1"}],"replies":[{"embeddable":true,"href":"https:\/\/annalysee.info\/de\/wp-json\/wp\/v2\/comments?post=1315"}],"version-history":[{"count":0,"href":"https:\/\/annalysee.info\/de\/wp-json\/wp\/v2\/pages\/1315\/revisions"}],"wp:attachment":[{"href":"https:\/\/annalysee.info\/de\/wp-json\/wp\/v2\/media?parent=1315"}],"curies":[{"name":"wp","href":"https:\/\/api.w.org\/{rel}","templated":true}]}}