{"id":1332,"date":"2025-11-16T18:35:28","date_gmt":"2025-11-16T17:35:28","guid":{"rendered":"https:\/\/annalysee.info\/?page_id=1332"},"modified":"2025-11-16T19:59:14","modified_gmt":"2025-11-16T18:59:14","slug":"walking-a-fine-line","status":"publish","type":"page","link":"https:\/\/annalysee.info\/de\/walking-a-fine-line\/","title":{"rendered":"Walking a Fine Line"},"content":{"rendered":"<div data-elementor-type=\"wp-page\" data-elementor-id=\"1332\" class=\"elementor elementor-1332\">\n\t\t\t\t<div class=\"elementor-element elementor-element-1bf305f e-con-full e-flex e-con e-parent\" data-id=\"1bf305f\" data-element_type=\"container\">\n\t\t<div class=\"elementor-element elementor-element-7a2e5a7 e-con-full e-flex e-con e-child\" data-id=\"7a2e5a7\" data-element_type=\"container\">\n\t\t\t\t<div class=\"elementor-element elementor-element-eb61e11 elementor-widget elementor-widget-heading\" data-id=\"eb61e11\" data-element_type=\"widget\" data-widget_type=\"heading.default\">\n\t\t\t\t<div class=\"elementor-widget-container\">\n\t\t\t\t\t<h1 class=\"elementor-heading-title elementor-size-default\">Walking a Fine Line \u2013 Spiel an der Grenze<\/h1>\t\t\t\t<\/div>\n\t\t\t\t<\/div>\n\t\t\t\t<div class=\"elementor-element elementor-element-53252d7 elementor-widget elementor-widget-image\" data-id=\"53252d7\" data-element_type=\"widget\" data-widget_type=\"image.default\">\n\t\t\t\t<div class=\"elementor-widget-container\">\n\t\t\t\t\t\t\t\t\t\t\t\t\t\t\t<img fetchpriority=\"high\" decoding=\"async\" width=\"1024\" height=\"683\" src=\"https:\/\/annalysee.info\/wp-content\/uploads\/2025\/11\/image-1024x683.jpg\" class=\"attachment-large size-large wp-image-1272\" alt=\"\" srcset=\"https:\/\/annalysee.info\/wp-content\/uploads\/2025\/11\/image-1024x683.jpg 1024w, https:\/\/annalysee.info\/wp-content\/uploads\/2025\/11\/image-300x200.jpg 300w, https:\/\/annalysee.info\/wp-content\/uploads\/2025\/11\/image-768x512.jpg 768w, https:\/\/annalysee.info\/wp-content\/uploads\/2025\/11\/image-1536x1024.jpg 1536w, https:\/\/annalysee.info\/wp-content\/uploads\/2025\/11\/image-2048x1365.jpg 2048w, https:\/\/annalysee.info\/wp-content\/uploads\/2025\/11\/image-18x12.jpg 18w\" sizes=\"(max-width: 1024px) 100vw, 1024px\" \/>\t\t\t\t\t\t\t\t\t\t\t\t\t\t\t<\/div>\n\t\t\t\t<\/div>\n\t\t\t\t<div class=\"elementor-element elementor-element-a9b205b elementor-widget elementor-widget-text-editor\" data-id=\"a9b205b\" data-element_type=\"widget\" data-widget_type=\"text-editor.default\">\n\t\t\t\t<div class=\"elementor-widget-container\">\n\t\t\t\t\t\t\t\t\t<p>Photograph: CarnivorePictures<\/p>\t\t\t\t\t\t\t\t<\/div>\n\t\t\t\t<\/div>\n\t\t\t\t<div class=\"elementor-element elementor-element-161e8dc elementor-widget elementor-widget-text-editor\" data-id=\"161e8dc\" data-element_type=\"widget\" data-widget_type=\"text-editor.default\">\n\t\t\t\t<div class=\"elementor-widget-container\">\n\t\t\t\t\t\t\t\t\t<p>Was passiert, wenn wir bewusst intensive Erfahrungen suchen, die an der Grenze zwischen Komfort, Kontrolle oder sogar \u00dcberforderung liegen? Dieser Workshop richtet sich an alle, die bewusst Grenzen austesten m\u00f6chten, ohne dabei ihre pers\u00f6nlichen Grenzen und ihre zwischenmenschliche Verantwortung zu vernachl\u00e4ssigen. Wir besch\u00e4ftigen uns mit den psychologischen Grundlagen von Traumata, dem Zweck von Triggern und allgemeinen pers\u00f6nlichen Grenzen sowie den Auswirkungen auf K\u00f6rper und Psyche, wenn diese ignoriert oder \u00fcberschritten werden. Anstatt Intensit\u00e4t zu vermeiden, werden wir untersuchen, wie wir durch bewusste Vorbereitung und Integration, klare Kommunikation und gegenseitiges Bewusstsein einen sicheren Rahmen f\u00fcr herausfordernde Erfahrungen schaffen k\u00f6nnen. Mit praktischen Werkzeugen und verk\u00f6rperten \u00dcbungen erforschen wir, wie wir fr\u00fche Anzeichen von \u00dcberforderung bei uns selbst und anderen erkennen k\u00f6nnen und \u00fcben verbale und nonverbale Kommunikation in Momenten von Stress oder emotionaler Aktivierung. In diesem Workshop geht es darum, Raum f\u00fcr Intensit\u00e4t zu schaffen \u2013 ohne dabei Verbindung, Sicherheit oder Zustimmung zu verlieren.<\/p>\t\t\t\t\t\t\t\t<\/div>\n\t\t\t\t<\/div>\n\t\t\t\t<div class=\"elementor-element elementor-element-6521328 elementor-widget-divider--view-line elementor-widget elementor-widget-divider\" data-id=\"6521328\" data-element_type=\"widget\" data-widget_type=\"divider.default\">\n\t\t\t\t<div class=\"elementor-widget-container\">\n\t\t\t\t\t\t\t<div class=\"elementor-divider\">\n\t\t\t<span class=\"elementor-divider-separator\">\n\t\t\t\t\t\t<\/span>\n\t\t<\/div>\n\t\t\t\t\t\t<\/div>\n\t\t\t\t<\/div>\n\t\t\t\t<div class=\"elementor-element elementor-element-10c935b elementor-widget elementor-widget-text-editor\" data-id=\"10c935b\" data-element_type=\"widget\" data-widget_type=\"text-editor.default\">\n\t\t\t\t<div class=\"elementor-widget-container\">\n\t\t\t\t\t\t\t\t\t<p><b>Dauer:<\/b> flexibel \u2013 4 Stunden bis 7 Stunden<\/p><p><b>Niveau: <\/b>nicht anwendbar<\/p><p><b>Voraussetzungen<\/b>: keine<\/p><p><b>zus\u00e4tzliche Infos: <\/b>Partner-Workshop<\/p>\t\t\t\t\t\t\t\t<\/div>\n\t\t\t\t<\/div>\n\t\t\t\t<\/div>\n\t\t\t\t<\/div>\n\t\t\t\t<\/div>","protected":false},"excerpt":{"rendered":"<p>Walking a Fine Line \u2013 Playing on the Edge photographer: CarnivorePictures What happens when we deliberately seek out intense experiences on the edge of comfort, control, or even overwhelm? This workshop is for those who want to explore conscious boundary-pushing in a way that honors both personal limits and interpersonal responsibility. We\u2019ll dive into the [&hellip;]<\/p>","protected":false},"author":1,"featured_media":0,"parent":0,"menu_order":0,"comment_status":"closed","ping_status":"closed","template":"","meta":{"site-sidebar-layout":"no-sidebar","site-content-layout":"page-builder","ast-site-content-layout":"full-width-container","site-content-style":"unboxed","site-sidebar-style":"unboxed","ast-global-header-display":"","ast-banner-title-visibility":"","ast-main-header-display":"","ast-hfb-above-header-display":"","ast-hfb-below-header-display":"","ast-hfb-mobile-header-display":"","site-post-title":"disabled","ast-breadcrumbs-content":"disabled","ast-featured-img":"disabled","footer-sml-layout":"","theme-transparent-header-meta":"enabled","adv-header-id-meta":"","stick-header-meta":"","header-above-stick-meta":"","header-main-stick-meta":"","header-below-stick-meta":"","astra-migrate-meta-layouts":"set","ast-page-background-enabled":"default","ast-page-background-meta":{"desktop":{"background-color":"","background-image":"","background-repeat":"repeat","background-position":"center center","background-size":"auto","background-attachment":"scroll","background-type":"","background-media":"","overlay-type":"","overlay-color":"","overlay-opacity":"","overlay-gradient":""},"tablet":{"background-color":"","background-image":"","background-repeat":"repeat","background-position":"center center","background-size":"auto","background-attachment":"scroll","background-type":"","background-media":"","overlay-type":"","overlay-color":"","overlay-opacity":"","overlay-gradient":""},"mobile":{"background-color":"","background-image":"","background-repeat":"repeat","background-position":"center center","background-size":"auto","background-attachment":"scroll","background-type":"","background-media":"","overlay-type":"","overlay-color":"","overlay-opacity":"","overlay-gradient":""}},"ast-content-background-meta":{"desktop":{"background-color":"var(--ast-global-color-5)","background-image":"","background-repeat":"repeat","background-position":"center center","background-size":"auto","background-attachment":"scroll","background-type":"","background-media":"","overlay-type":"","overlay-color":"","overlay-opacity":"","overlay-gradient":""},"tablet":{"background-color":"var(--ast-global-color-5)","background-image":"","background-repeat":"repeat","background-position":"center center","background-size":"auto","background-attachment":"scroll","background-type":"","background-media":"","overlay-type":"","overlay-color":"","overlay-opacity":"","overlay-gradient":""},"mobile":{"background-color":"var(--ast-global-color-5)","background-image":"","background-repeat":"repeat","background-position":"center center","background-size":"auto","background-attachment":"scroll","background-type":"","background-media":"","overlay-type":"","overlay-color":"","overlay-opacity":"","overlay-gradient":""}},"footnotes":""},"class_list":["post-1332","page","type-page","status-publish","hentry"],"_links":{"self":[{"href":"https:\/\/annalysee.info\/de\/wp-json\/wp\/v2\/pages\/1332","targetHints":{"allow":["GET"]}}],"collection":[{"href":"https:\/\/annalysee.info\/de\/wp-json\/wp\/v2\/pages"}],"about":[{"href":"https:\/\/annalysee.info\/de\/wp-json\/wp\/v2\/types\/page"}],"author":[{"embeddable":true,"href":"https:\/\/annalysee.info\/de\/wp-json\/wp\/v2\/users\/1"}],"replies":[{"embeddable":true,"href":"https:\/\/annalysee.info\/de\/wp-json\/wp\/v2\/comments?post=1332"}],"version-history":[{"count":0,"href":"https:\/\/annalysee.info\/de\/wp-json\/wp\/v2\/pages\/1332\/revisions"}],"wp:attachment":[{"href":"https:\/\/annalysee.info\/de\/wp-json\/wp\/v2\/media?parent=1332"}],"curies":[{"name":"wp","href":"https:\/\/api.w.org\/{rel}","templated":true}]}}