{"id":1428,"date":"2025-12-06T20:07:40","date_gmt":"2025-12-06T19:07:40","guid":{"rendered":"https:\/\/annalysee.info\/?page_id=1428"},"modified":"2025-12-17T00:51:44","modified_gmt":"2025-12-16T23:51:44","slug":"advert0326_1-dancing-the-line","status":"publish","type":"page","link":"https:\/\/annalysee.info\/de\/advert0326_1-dancing-the-line\/","title":{"rendered":"advert0326_1-dancing the line"},"content":{"rendered":"<div data-elementor-type=\"wp-page\" data-elementor-id=\"1428\" class=\"elementor elementor-1428\">\n\t\t\t\t<div class=\"elementor-element elementor-element-1bf305f e-con-full e-flex e-con e-parent\" data-id=\"1bf305f\" data-element_type=\"container\">\n\t\t<div class=\"elementor-element elementor-element-7a2e5a7 e-con-full e-flex e-con e-child\" data-id=\"7a2e5a7\" data-element_type=\"container\">\n\t\t\t\t<div class=\"elementor-element elementor-element-eb61e11 elementor-widget elementor-widget-heading\" data-id=\"eb61e11\" data-element_type=\"widget\" data-widget_type=\"heading.default\">\n\t\t\t\t<div class=\"elementor-widget-container\">\n\t\t\t\t\t<h1 class=\"elementor-heading-title elementor-size-default\">DANCING THE LINE \u2013 Bewegung und Kontrolle im Seil<\/h1>\t\t\t\t<\/div>\n\t\t\t\t<\/div>\n\t\t\t\t<\/div>\n\t\t\t\t<\/div>\n\t\t<div class=\"elementor-element elementor-element-d257bf3 e-flex e-con-boxed e-con e-parent\" data-id=\"d257bf3\" data-element_type=\"container\">\n\t\t\t\t\t<div class=\"e-con-inner\">\n\t\t<div class=\"elementor-element elementor-element-4a57a27 e-con-full e-flex e-con e-child\" data-id=\"4a57a27\" data-element_type=\"container\">\n\t\t<div class=\"elementor-element elementor-element-fb6dbca e-con-full e-flex e-con e-child\" data-id=\"fb6dbca\" data-element_type=\"container\">\n\t\t\t\t<div class=\"elementor-element elementor-element-e52567d elementor-widget elementor-widget-text-editor\" data-id=\"e52567d\" data-element_type=\"widget\" data-widget_type=\"text-editor.default\">\n\t\t\t\t<div class=\"elementor-widget-container\">\n\t\t\t\t\t\t\t\t\t<p>Samstag, 28. M\u00e4rz 2026<\/p><p>11.00 &#8211; 18.00<\/p><p>TwF Studio<\/p><p>(131 Dornacherstrasse Basel, BS, 4053 Switzerland)<\/p>\t\t\t\t\t\t\t\t<\/div>\n\t\t\t\t<\/div>\n\t\t\t\t<div class=\"elementor-element elementor-element-5a56396 elementor-widget elementor-widget-spacer\" data-id=\"5a56396\" data-element_type=\"widget\" data-widget_type=\"spacer.default\">\n\t\t\t\t<div class=\"elementor-widget-container\">\n\t\t\t\t\t\t\t<div class=\"elementor-spacer\">\n\t\t\t<div class=\"elementor-spacer-inner\"><\/div>\n\t\t<\/div>\n\t\t\t\t\t\t<\/div>\n\t\t\t\t<\/div>\n\t\t\t\t<div class=\"elementor-element elementor-element-fa801da elementor-widget elementor-widget-text-editor\" data-id=\"fa801da\" data-element_type=\"widget\" data-widget_type=\"text-editor.default\">\n\t\t\t\t<div class=\"elementor-widget-container\">\n\t\t\t\t\t\t\t\t\t<p>Dies ist ein Workshop f\u00fcr alle, die sich in Seilen bewegen - und bewegt werden - wollen.<\/p><p>Wir erforschen, wie Absicht zu Bewegung wird und wie Seile nicht nur durch ihre Form, sondern auch durch ihren Fluss sprechen k\u00f6nnen. Gemeinsam spielen wir mit Stabilit\u00e4t und Loslassen, mit Stillstand und Geschwindigkeit, mit Raum und Spannung. Wir erkunden Bodenarbeit, K\u00f6rpermechaniken, Druckpunkte und K\u00f6rperblockaden und lernen, durch das Seil zu f\u00fchren und zu folgen. Der Boden wird zum Tanzpartner, das Seil zum Rhythmus, die K\u00f6rper zum Gespr\u00e4ch.<\/p><p><strong>Voraussetzungen:<\/strong> Rigger sollten in der Lage sein, mindestens einen Single- und einen Double-Column-Tie sicher und selbstst\u00e4ndig zu knoten. Sowohl Rigger als auch Models sollten \u00fcber ein gutes K\u00f6rperbewusstsein verf\u00fcgen und Freude an Bewegung haben. Es werden mindestens 3 Seile ben\u00f6tigt.<\/p><p><strong>Kosten:<\/strong> 280\u20ac pro Paar<\/p>\t\t\t\t\t\t\t\t<\/div>\n\t\t\t\t<\/div>\n\t\t\t\t<\/div>\n\t\t<div class=\"elementor-element elementor-element-49b4b28 e-con-full e-flex e-con e-child\" data-id=\"49b4b28\" data-element_type=\"container\">\n\t\t\t\t<div class=\"elementor-element elementor-element-dc5f202 elementor-widget elementor-widget-button\" data-id=\"dc5f202\" data-element_type=\"widget\" data-widget_type=\"button.default\">\n\t\t\t\t<div class=\"elementor-widget-container\">\n\t\t\t\t\t\t\t\t\t<div class=\"elementor-button-wrapper\">\n\t\t\t\t\t<a class=\"elementor-button elementor-button-link elementor-size-sm\" href=\"https:\/\/annalysee.info\/en_gb\/contact\/\">\n\t\t\t\t\t\t<span class=\"elementor-button-content-wrapper\">\n\t\t\t\t\t\t\t\t\t<span class=\"elementor-button-text\">Sende eine Nachricht, um diesen Workshop zu buchen und\/oder weitere Informationen zu erhalten!<\/span>\n\t\t\t\t\t<\/span>\n\t\t\t\t\t<\/a>\n\t\t\t\t<\/div>\n\t\t\t\t\t\t\t\t<\/div>\n\t\t\t\t<\/div>\n\t\t\t\t<div class=\"elementor-element elementor-element-f335c05 elementor-widget elementor-widget-image\" data-id=\"f335c05\" data-element_type=\"widget\" data-widget_type=\"image.default\">\n\t\t\t\t<div class=\"elementor-widget-container\">\n\t\t\t\t\t\t\t\t\t\t\t\t\t\t\t<img fetchpriority=\"high\" decoding=\"async\" width=\"1024\" height=\"342\" src=\"https:\/\/annalysee.info\/wp-content\/uploads\/2025\/12\/Selection_020-1024x342.png\" class=\"attachment-large size-large wp-image-1441\" alt=\"\" srcset=\"https:\/\/annalysee.info\/wp-content\/uploads\/2025\/12\/Selection_020-1024x342.png 1024w, https:\/\/annalysee.info\/wp-content\/uploads\/2025\/12\/Selection_020-300x100.png 300w, https:\/\/annalysee.info\/wp-content\/uploads\/2025\/12\/Selection_020-768x256.png 768w, https:\/\/annalysee.info\/wp-content\/uploads\/2025\/12\/Selection_020-18x6.png 18w, https:\/\/annalysee.info\/wp-content\/uploads\/2025\/12\/Selection_020.png 1189w\" sizes=\"(max-width: 1024px) 100vw, 1024px\" \/>\t\t\t\t\t\t\t\t\t\t\t\t\t\t\t<\/div>\n\t\t\t\t<\/div>\n\t\t\t\t<\/div>\n\t\t\t\t<div class=\"elementor-element elementor-element-c7a3661 elementor-widget elementor-widget-text-editor\" data-id=\"c7a3661\" data-element_type=\"widget\" data-widget_type=\"text-editor.default\">\n\t\t\t\t<div class=\"elementor-widget-container\">\n\t\t\t\t\t\t\t\t\t<p>original Photograph: CarnivorePictures<\/p>\t\t\t\t\t\t\t\t<\/div>\n\t\t\t\t<\/div>\n\t\t\t\t<\/div>\n\t\t\t\t\t<\/div>\n\t\t\t\t<\/div>\n\t\t\t\t<\/div>","protected":false},"excerpt":{"rendered":"<p>Dancing the line \u2013 Movement &amp; Control in Rope Saturday, 28. March 2026 11.00 &#8211; 18.00 TwF Studio (131 Dornacherstrasse Basel, BS, 4053 Switzerland) This is a workshop for those who want to move in rope &#8211; and be moved. We explore how intention becomes motion and how rope can speak not just through form, [&hellip;]<\/p>","protected":false},"author":1,"featured_media":0,"parent":0,"menu_order":0,"comment_status":"closed","ping_status":"closed","template":"","meta":{"site-sidebar-layout":"no-sidebar","site-content-layout":"page-builder","ast-site-content-layout":"full-width-container","site-content-style":"unboxed","site-sidebar-style":"unboxed","ast-global-header-display":"","ast-banner-title-visibility":"","ast-main-header-display":"","ast-hfb-above-header-display":"","ast-hfb-below-header-display":"","ast-hfb-mobile-header-display":"","site-post-title":"disabled","ast-breadcrumbs-content":"disabled","ast-featured-img":"disabled","footer-sml-layout":"","theme-transparent-header-meta":"enabled","adv-header-id-meta":"","stick-header-meta":"","header-above-stick-meta":"","header-main-stick-meta":"","header-below-stick-meta":"","astra-migrate-meta-layouts":"set","ast-page-background-enabled":"default","ast-page-background-meta":{"desktop":{"background-color":"","background-image":"","background-repeat":"repeat","background-position":"center center","background-size":"auto","background-attachment":"scroll","background-type":"","background-media":"","overlay-type":"","overlay-color":"","overlay-opacity":"","overlay-gradient":""},"tablet":{"background-color":"","background-image":"","background-repeat":"repeat","background-position":"center center","background-size":"auto","background-attachment":"scroll","background-type":"","background-media":"","overlay-type":"","overlay-color":"","overlay-opacity":"","overlay-gradient":""},"mobile":{"background-color":"","background-image":"","background-repeat":"repeat","background-position":"center center","background-size":"auto","background-attachment":"scroll","background-type":"","background-media":"","overlay-type":"","overlay-color":"","overlay-opacity":"","overlay-gradient":""}},"ast-content-background-meta":{"desktop":{"background-color":"var(--ast-global-color-5)","background-image":"","background-repeat":"repeat","background-position":"center center","background-size":"auto","background-attachment":"scroll","background-type":"","background-media":"","overlay-type":"","overlay-color":"","overlay-opacity":"","overlay-gradient":""},"tablet":{"background-color":"var(--ast-global-color-5)","background-image":"","background-repeat":"repeat","background-position":"center center","background-size":"auto","background-attachment":"scroll","background-type":"","background-media":"","overlay-type":"","overlay-color":"","overlay-opacity":"","overlay-gradient":""},"mobile":{"background-color":"var(--ast-global-color-5)","background-image":"","background-repeat":"repeat","background-position":"center center","background-size":"auto","background-attachment":"scroll","background-type":"","background-media":"","overlay-type":"","overlay-color":"","overlay-opacity":"","overlay-gradient":""}},"footnotes":""},"class_list":["post-1428","page","type-page","status-publish","hentry"],"_links":{"self":[{"href":"https:\/\/annalysee.info\/de\/wp-json\/wp\/v2\/pages\/1428","targetHints":{"allow":["GET"]}}],"collection":[{"href":"https:\/\/annalysee.info\/de\/wp-json\/wp\/v2\/pages"}],"about":[{"href":"https:\/\/annalysee.info\/de\/wp-json\/wp\/v2\/types\/page"}],"author":[{"embeddable":true,"href":"https:\/\/annalysee.info\/de\/wp-json\/wp\/v2\/users\/1"}],"replies":[{"embeddable":true,"href":"https:\/\/annalysee.info\/de\/wp-json\/wp\/v2\/comments?post=1428"}],"version-history":[{"count":0,"href":"https:\/\/annalysee.info\/de\/wp-json\/wp\/v2\/pages\/1428\/revisions"}],"wp:attachment":[{"href":"https:\/\/annalysee.info\/de\/wp-json\/wp\/v2\/media?parent=1428"}],"curies":[{"name":"wp","href":"https:\/\/api.w.org\/{rel}","templated":true}]}}