{"id":1454,"date":"2025-12-06T20:19:22","date_gmt":"2025-12-06T19:19:22","guid":{"rendered":"https:\/\/annalysee.info\/?page_id=1454"},"modified":"2025-12-17T00:53:21","modified_gmt":"2025-12-16T23:53:21","slug":"advert0326_2-crafting-emotions","status":"publish","type":"page","link":"https:\/\/annalysee.info\/de\/advert0326_2-crafting-emotions\/","title":{"rendered":"advert0326_2-crafting emotions"},"content":{"rendered":"<div data-elementor-type=\"wp-page\" data-elementor-id=\"1454\" class=\"elementor elementor-1454\">\n\t\t\t\t<div class=\"elementor-element elementor-element-1bf305f e-con-full e-flex e-con e-parent\" data-id=\"1bf305f\" data-element_type=\"container\">\n\t\t<div class=\"elementor-element elementor-element-7a2e5a7 e-con-full e-flex e-con e-child\" data-id=\"7a2e5a7\" data-element_type=\"container\">\n\t\t\t\t<div class=\"elementor-element elementor-element-eb61e11 elementor-widget elementor-widget-heading\" data-id=\"eb61e11\" data-element_type=\"widget\" data-widget_type=\"heading.default\">\n\t\t\t\t<div class=\"elementor-widget-container\">\n\t\t\t\t\t<h1 class=\"elementor-heading-title elementor-size-default\">CRAFTING EMOTIONS \u2013 Von Intention bis Wirkung im Seil<\/h1>\t\t\t\t<\/div>\n\t\t\t\t<\/div>\n\t\t\t\t<\/div>\n\t\t\t\t<\/div>\n\t\t<div class=\"elementor-element elementor-element-d257bf3 e-flex e-con-boxed e-con e-parent\" data-id=\"d257bf3\" data-element_type=\"container\">\n\t\t\t\t\t<div class=\"e-con-inner\">\n\t\t<div class=\"elementor-element elementor-element-4a57a27 e-con-full e-flex e-con e-child\" data-id=\"4a57a27\" data-element_type=\"container\">\n\t\t<div class=\"elementor-element elementor-element-fb6dbca e-con-full e-flex e-con e-child\" data-id=\"fb6dbca\" data-element_type=\"container\">\n\t\t\t\t<div class=\"elementor-element elementor-element-e52567d elementor-widget elementor-widget-text-editor\" data-id=\"e52567d\" data-element_type=\"widget\" data-widget_type=\"text-editor.default\">\n\t\t\t\t<div class=\"elementor-widget-container\">\n\t\t\t\t\t\t\t\t\t<p>Sonntag, 29. M\u00e4rz 2026<\/p><p>11.00 &#8211; 18.00<\/p><p>TwF Studio<\/p><p>(131 Dornacherstrasse Basel, BS, 4053 Switzerland)<\/p>\t\t\t\t\t\t\t\t<\/div>\n\t\t\t\t<\/div>\n\t\t\t\t<div class=\"elementor-element elementor-element-5a56396 elementor-widget elementor-widget-spacer\" data-id=\"5a56396\" data-element_type=\"widget\" data-widget_type=\"spacer.default\">\n\t\t\t\t<div class=\"elementor-widget-container\">\n\t\t\t\t\t\t\t<div class=\"elementor-spacer\">\n\t\t\t<div class=\"elementor-spacer-inner\"><\/div>\n\t\t<\/div>\n\t\t\t\t\t\t<\/div>\n\t\t\t\t<\/div>\n\t\t\t\t<div class=\"elementor-element elementor-element-fa801da elementor-widget elementor-widget-text-editor\" data-id=\"fa801da\" data-element_type=\"widget\" data-widget_type=\"text-editor.default\">\n\t\t\t\t<div class=\"elementor-widget-container\">\n\t\t\t\t\t\t\t\t\t<p>In diesem Workshop untersuchen wir, wie man emotionale statt rein technisch orientierte Erlebnisse konzipiert und wie durch die Gestaltung der Session selbst Emotionen gestaltet werden k\u00f6nnen. In Anlehnung an Theater und Psychodrama betrachten wir, wie Szenen aufgebaut sind und wie jede Entscheidung Teil der emotionalen Dramaturgie wird:<\/p><ul><li>Die B\u00fchne gestalten: Casting, B\u00fchnenbild und Rollenvorbereitung<\/li><li>Die Szene er\u00f6ffnen: Ber\u00fchrung, Absicht und das erste Seil<\/li><li>Tiefer eintauchen: Stilmittel, Positionierung und H\u00f6hepunkte<\/li><li>Vorhang f\u00e4llt: Rollenaufl\u00f6sung, Erdung und Integration<\/li><\/ul><p><strong>Voraussetzungen:<\/strong> Rigger sollten in der Lage sein, mindestens einen Single- und einen Double-Column-Tie sicher und selbstst\u00e4ndig zu knoten. Sowohl Rigger als auch Model sollten \u00fcber eine gute Bewusstheit \u00fcber K\u00f6rper und Psyche verf\u00fcgen und in der Lage sein, ihre Bed\u00fcrfnisse miteinander zu kommunizieren. Es werden mindestens 3 Seile ben\u00f6tigt.<\/p><p><strong>Kosten:<\/strong> 240\u20ac pro Paar<\/p>\t\t\t\t\t\t\t\t<\/div>\n\t\t\t\t<\/div>\n\t\t\t\t<\/div>\n\t\t<div class=\"elementor-element elementor-element-49b4b28 e-con-full e-flex e-con e-child\" data-id=\"49b4b28\" data-element_type=\"container\">\n\t\t<div class=\"elementor-element elementor-element-5e6e154 e-con-full e-flex e-con e-child\" data-id=\"5e6e154\" data-element_type=\"container\">\n\t\t\t\t<div class=\"elementor-element elementor-element-dc76320 elementor-widget elementor-widget-spacer\" data-id=\"dc76320\" data-element_type=\"widget\" data-widget_type=\"spacer.default\">\n\t\t\t\t<div class=\"elementor-widget-container\">\n\t\t\t\t\t\t\t<div class=\"elementor-spacer\">\n\t\t\t<div class=\"elementor-spacer-inner\"><\/div>\n\t\t<\/div>\n\t\t\t\t\t\t<\/div>\n\t\t\t\t<\/div>\n\t\t\t\t<div class=\"elementor-element elementor-element-dc5f202 elementor-align-center elementor-widget elementor-widget-button\" data-id=\"dc5f202\" data-element_type=\"widget\" data-widget_type=\"button.default\">\n\t\t\t\t<div class=\"elementor-widget-container\">\n\t\t\t\t\t\t\t\t\t<div class=\"elementor-button-wrapper\">\n\t\t\t\t\t<a class=\"elementor-button elementor-button-link elementor-size-sm\" href=\"https:\/\/annalysee.info\/en_gb\/contact\/\">\n\t\t\t\t\t\t<span class=\"elementor-button-content-wrapper\">\n\t\t\t\t\t\t\t\t\t<span class=\"elementor-button-text\">Sende eine Nachricht, um diesen Workshop zu buchen und\/oder weitere Informationen zu erhalten!<\/span>\n\t\t\t\t\t<\/span>\n\t\t\t\t\t<\/a>\n\t\t\t\t<\/div>\n\t\t\t\t\t\t\t\t<\/div>\n\t\t\t\t<\/div>\n\t\t\t\t<\/div>\n\t\t\t\t<div class=\"elementor-element elementor-element-f335c05 elementor-widget elementor-widget-image\" data-id=\"f335c05\" data-element_type=\"widget\" data-widget_type=\"image.default\">\n\t\t\t\t<div class=\"elementor-widget-container\">\n\t\t\t\t\t\t\t\t\t\t\t\t\t\t\t<img fetchpriority=\"high\" decoding=\"async\" width=\"683\" height=\"1024\" src=\"https:\/\/annalysee.info\/wp-content\/uploads\/2025\/12\/Anna-Metusa7-683x1024.jpg\" class=\"attachment-large size-large wp-image-1456\" alt=\"\" srcset=\"https:\/\/annalysee.info\/wp-content\/uploads\/2025\/12\/Anna-Metusa7-683x1024.jpg 683w, https:\/\/annalysee.info\/wp-content\/uploads\/2025\/12\/Anna-Metusa7-200x300.jpg 200w, https:\/\/annalysee.info\/wp-content\/uploads\/2025\/12\/Anna-Metusa7-768x1152.jpg 768w, https:\/\/annalysee.info\/wp-content\/uploads\/2025\/12\/Anna-Metusa7-1024x1536.jpg 1024w, https:\/\/annalysee.info\/wp-content\/uploads\/2025\/12\/Anna-Metusa7-1365x2048.jpg 1365w, https:\/\/annalysee.info\/wp-content\/uploads\/2025\/12\/Anna-Metusa7-8x12.jpg 8w, https:\/\/annalysee.info\/wp-content\/uploads\/2025\/12\/Anna-Metusa7-scaled.jpg 1707w\" sizes=\"(max-width: 683px) 100vw, 683px\" \/>\t\t\t\t\t\t\t\t\t\t\t\t\t\t\t<\/div>\n\t\t\t\t<\/div>\n\t\t\t\t<\/div>\n\t\t\t\t<div class=\"elementor-element elementor-element-3c6ac9d elementor-widget elementor-widget-text-editor\" data-id=\"3c6ac9d\" data-element_type=\"widget\" data-widget_type=\"text-editor.default\">\n\t\t\t\t<div class=\"elementor-widget-container\">\n\t\t\t\t\t\t\t\t\t<p>original Photograph: HentieRopes<\/p>\t\t\t\t\t\t\t\t<\/div>\n\t\t\t\t<\/div>\n\t\t\t\t<\/div>\n\t\t\t\t\t<\/div>\n\t\t\t\t<\/div>\n\t\t\t\t<\/div>","protected":false},"excerpt":{"rendered":"<p>CRAFTING EMOTIONS \u2013 From Intention to Impact in Rope Sunday, 29. March 2026 11.00 &#8211; 18.00 TwF Studio (131 Dornacherstrasse Basel, BS, 4053 Switzerland) In this workshop, we explore how to design emotional journeys rather than technical ones and how to craft emotion by crafting the session itself. Drawing from theatre and psychodrama, we\u2019ll look [&hellip;]<\/p>","protected":false},"author":1,"featured_media":0,"parent":0,"menu_order":0,"comment_status":"closed","ping_status":"closed","template":"","meta":{"site-sidebar-layout":"no-sidebar","site-content-layout":"page-builder","ast-site-content-layout":"full-width-container","site-content-style":"unboxed","site-sidebar-style":"unboxed","ast-global-header-display":"","ast-banner-title-visibility":"","ast-main-header-display":"","ast-hfb-above-header-display":"","ast-hfb-below-header-display":"","ast-hfb-mobile-header-display":"","site-post-title":"disabled","ast-breadcrumbs-content":"disabled","ast-featured-img":"disabled","footer-sml-layout":"","theme-transparent-header-meta":"enabled","adv-header-id-meta":"","stick-header-meta":"","header-above-stick-meta":"","header-main-stick-meta":"","header-below-stick-meta":"","astra-migrate-meta-layouts":"set","ast-page-background-enabled":"default","ast-page-background-meta":{"desktop":{"background-color":"","background-image":"","background-repeat":"repeat","background-position":"center center","background-size":"auto","background-attachment":"scroll","background-type":"","background-media":"","overlay-type":"","overlay-color":"","overlay-opacity":"","overlay-gradient":""},"tablet":{"background-color":"","background-image":"","background-repeat":"repeat","background-position":"center center","background-size":"auto","background-attachment":"scroll","background-type":"","background-media":"","overlay-type":"","overlay-color":"","overlay-opacity":"","overlay-gradient":""},"mobile":{"background-color":"","background-image":"","background-repeat":"repeat","background-position":"center center","background-size":"auto","background-attachment":"scroll","background-type":"","background-media":"","overlay-type":"","overlay-color":"","overlay-opacity":"","overlay-gradient":""}},"ast-content-background-meta":{"desktop":{"background-color":"var(--ast-global-color-5)","background-image":"","background-repeat":"repeat","background-position":"center center","background-size":"auto","background-attachment":"scroll","background-type":"","background-media":"","overlay-type":"","overlay-color":"","overlay-opacity":"","overlay-gradient":""},"tablet":{"background-color":"var(--ast-global-color-5)","background-image":"","background-repeat":"repeat","background-position":"center center","background-size":"auto","background-attachment":"scroll","background-type":"","background-media":"","overlay-type":"","overlay-color":"","overlay-opacity":"","overlay-gradient":""},"mobile":{"background-color":"var(--ast-global-color-5)","background-image":"","background-repeat":"repeat","background-position":"center center","background-size":"auto","background-attachment":"scroll","background-type":"","background-media":"","overlay-type":"","overlay-color":"","overlay-opacity":"","overlay-gradient":""}},"footnotes":""},"class_list":["post-1454","page","type-page","status-publish","hentry"],"_links":{"self":[{"href":"https:\/\/annalysee.info\/de\/wp-json\/wp\/v2\/pages\/1454","targetHints":{"allow":["GET"]}}],"collection":[{"href":"https:\/\/annalysee.info\/de\/wp-json\/wp\/v2\/pages"}],"about":[{"href":"https:\/\/annalysee.info\/de\/wp-json\/wp\/v2\/types\/page"}],"author":[{"embeddable":true,"href":"https:\/\/annalysee.info\/de\/wp-json\/wp\/v2\/users\/1"}],"replies":[{"embeddable":true,"href":"https:\/\/annalysee.info\/de\/wp-json\/wp\/v2\/comments?post=1454"}],"version-history":[{"count":0,"href":"https:\/\/annalysee.info\/de\/wp-json\/wp\/v2\/pages\/1454\/revisions"}],"wp:attachment":[{"href":"https:\/\/annalysee.info\/de\/wp-json\/wp\/v2\/media?parent=1454"}],"curies":[{"name":"wp","href":"https:\/\/api.w.org\/{rel}","templated":true}]}}