{"id":1469,"date":"2025-12-17T00:49:04","date_gmt":"2025-12-16T23:49:04","guid":{"rendered":"https:\/\/annalysee.info\/?page_id=1469"},"modified":"2025-12-17T00:50:22","modified_gmt":"2025-12-16T23:50:22","slug":"advert0326_3-liminality","status":"publish","type":"page","link":"https:\/\/annalysee.info\/de\/advert0326_3-liminality\/","title":{"rendered":"advert0326_3-liminality"},"content":{"rendered":"<div data-elementor-type=\"wp-page\" data-elementor-id=\"1469\" class=\"elementor elementor-1469\">\n\t\t\t\t<div class=\"elementor-element elementor-element-1bf305f e-con-full e-flex e-con e-parent\" data-id=\"1bf305f\" data-element_type=\"container\">\n\t\t<div class=\"elementor-element elementor-element-7a2e5a7 e-con-full e-flex e-con e-child\" data-id=\"7a2e5a7\" data-element_type=\"container\">\n\t\t\t\t<div class=\"elementor-element elementor-element-eb61e11 elementor-widget elementor-widget-heading\" data-id=\"eb61e11\" data-element_type=\"widget\" data-widget_type=\"heading.default\">\n\t\t\t\t<div class=\"elementor-widget-container\">\n\t\t\t\t\t<h1 class=\"elementor-heading-title elementor-size-default\">LIMINALITY - Seil-Lounge, kinky Spielwiese, Community-Nacht<\/h1>\t\t\t\t<\/div>\n\t\t\t\t<\/div>\n\t\t\t\t<\/div>\n\t\t\t\t<\/div>\n\t\t<div class=\"elementor-element elementor-element-d257bf3 e-flex e-con-boxed e-con e-parent\" data-id=\"d257bf3\" data-element_type=\"container\">\n\t\t\t\t\t<div class=\"e-con-inner\">\n\t\t<div class=\"elementor-element elementor-element-4a57a27 e-con-full e-flex e-con e-child\" data-id=\"4a57a27\" data-element_type=\"container\">\n\t\t<div class=\"elementor-element elementor-element-fb6dbca e-con-full e-flex e-con e-child\" data-id=\"fb6dbca\" data-element_type=\"container\">\n\t\t\t\t<div class=\"elementor-element elementor-element-e52567d elementor-widget elementor-widget-text-editor\" data-id=\"e52567d\" data-element_type=\"widget\" data-widget_type=\"text-editor.default\">\n\t\t\t\t<div class=\"elementor-widget-container\">\n\t\t\t\t\t\t\t\t\t<p>Samstag, 28. M\u00e4rz 2026<\/p><p>19.30 &#8211; 00.00<\/p><p>TwF Studio<\/p><p>(131 Dornacherstrasse Basel, BS, 4053 Switzerland)<\/p>\t\t\t\t\t\t\t\t<\/div>\n\t\t\t\t<\/div>\n\t\t\t\t<div class=\"elementor-element elementor-element-5a56396 elementor-widget elementor-widget-spacer\" data-id=\"5a56396\" data-element_type=\"widget\" data-widget_type=\"spacer.default\">\n\t\t\t\t<div class=\"elementor-widget-container\">\n\t\t\t\t\t\t\t<div class=\"elementor-spacer\">\n\t\t\t<div class=\"elementor-spacer-inner\"><\/div>\n\t\t<\/div>\n\t\t\t\t\t\t<\/div>\n\t\t\t\t<\/div>\n\t\t\t\t<div class=\"elementor-element elementor-element-fa801da elementor-widget elementor-widget-text-editor\" data-id=\"fa801da\" data-element_type=\"widget\" data-widget_type=\"text-editor.default\">\n\t\t\t\t<div class=\"elementor-widget-container\">\n\t\t\t\t\t\t\t\t\t<p>Liminalit\u00e4t beschreibt den Zustand des Dazwischen: jenen Schwellenraum, in dem alte Rollen kurz still werden und Neues entstehen kann. In der Anthropologie gilt Liminalit\u00e4t als Moment erh\u00f6hter Aufmerksamkeit, Offenheit und Verbundenheit in einem Raum au\u00dferhalb des Allt\u00e4glichen, in dem Erfahrung sich verdichtet. In der Liminalit\u00e4t verschiebt sich Wahrnehmung - K\u00f6rper werden pr\u00e4senter, Kommunikation klarer, Ber\u00fchrung bedeutungsvoller.<\/p><p>LIMINALITY richtet sich an Menschen, die Lust haben, sich bewusst in diesen Grenzbereich zu begeben. Zum Fesseln, zum Spielen, zum Beobachten, zum Sein.<\/p><p>Diese Abendveranstaltung \u00f6ffnet einen intentional gehaltenen Zwischenraum aus Shibari, kinky Spiel und gemeinsamem Erleben. Seile wirken hier nicht nur als Technik, sondern als Medium, um N\u00e4he zu strukturieren, \u00dcberg\u00e4nge zu markieren und tempor\u00e4re Ordnungen zu schaffen, die wieder gel\u00f6st werden d\u00fcrfen.<\/p><p><strong>Voraussetzungen:<\/strong> &#8212;<\/p><p><strong>Kosten:<\/strong>\u00a0Einzelbuchung: 25 \u20ac pro Person \/\/ In Kombination mit dem Kauf eines Workshop-Tickets f\u00fcr <a href=\"https:\/\/annalysee.info\/en_gb\/advert0326_1-dancing-the-line\/\">DANCING THE LINE<\/a> oder <a href=\"https:\/\/annalysee.info\/en_gb\/advert0326_2-crafting-emotions\/\">CRAFTING EMOTIONS<\/a>: 10\u20ac pro Person<\/p>\t\t\t\t\t\t\t\t<\/div>\n\t\t\t\t<\/div>\n\t\t\t\t<\/div>\n\t\t<div class=\"elementor-element elementor-element-49b4b28 e-con-full e-flex e-con e-child\" data-id=\"49b4b28\" data-element_type=\"container\">\n\t\t<div class=\"elementor-element elementor-element-5e6e154 e-con-full e-flex e-con e-child\" data-id=\"5e6e154\" data-element_type=\"container\">\n\t\t\t\t<div class=\"elementor-element elementor-element-dc76320 elementor-widget elementor-widget-spacer\" data-id=\"dc76320\" data-element_type=\"widget\" data-widget_type=\"spacer.default\">\n\t\t\t\t<div class=\"elementor-widget-container\">\n\t\t\t\t\t\t\t<div class=\"elementor-spacer\">\n\t\t\t<div class=\"elementor-spacer-inner\"><\/div>\n\t\t<\/div>\n\t\t\t\t\t\t<\/div>\n\t\t\t\t<\/div>\n\t\t\t\t<div class=\"elementor-element elementor-element-dc5f202 elementor-align-center elementor-widget elementor-widget-button\" data-id=\"dc5f202\" data-element_type=\"widget\" data-widget_type=\"button.default\">\n\t\t\t\t<div class=\"elementor-widget-container\">\n\t\t\t\t\t\t\t\t\t<div class=\"elementor-button-wrapper\">\n\t\t\t\t\t<a class=\"elementor-button elementor-button-link elementor-size-sm\" href=\"https:\/\/annalysee.info\/en_gb\/contact\/\">\n\t\t\t\t\t\t<span class=\"elementor-button-content-wrapper\">\n\t\t\t\t\t\t\t\t\t<span class=\"elementor-button-text\">Sende eine Nachricht, um diese Veranstaltung zu buchen und\/oder weitere Informationen zu erhalten!<\/span>\n\t\t\t\t\t<\/span>\n\t\t\t\t\t<\/a>\n\t\t\t\t<\/div>\n\t\t\t\t\t\t\t\t<\/div>\n\t\t\t\t<\/div>\n\t\t\t\t<\/div>\n\t\t\t\t<div class=\"elementor-element elementor-element-f335c05 elementor-widget elementor-widget-image\" data-id=\"f335c05\" data-element_type=\"widget\" data-widget_type=\"image.default\">\n\t\t\t\t<div class=\"elementor-widget-container\">\n\t\t\t\t\t\t\t\t\t\t\t\t\t\t\t<img fetchpriority=\"high\" decoding=\"async\" width=\"819\" height=\"1024\" src=\"https:\/\/annalysee.info\/wp-content\/uploads\/2025\/12\/entwurf_jam-819x1024.jpg\" class=\"attachment-large size-large wp-image-1471\" alt=\"\" srcset=\"https:\/\/annalysee.info\/wp-content\/uploads\/2025\/12\/entwurf_jam-819x1024.jpg 819w, https:\/\/annalysee.info\/wp-content\/uploads\/2025\/12\/entwurf_jam-240x300.jpg 240w, https:\/\/annalysee.info\/wp-content\/uploads\/2025\/12\/entwurf_jam-768x960.jpg 768w, https:\/\/annalysee.info\/wp-content\/uploads\/2025\/12\/entwurf_jam-10x12.jpg 10w, https:\/\/annalysee.info\/wp-content\/uploads\/2025\/12\/entwurf_jam.jpg 1024w\" sizes=\"(max-width: 819px) 100vw, 819px\" \/>\t\t\t\t\t\t\t\t\t\t\t\t\t\t\t<\/div>\n\t\t\t\t<\/div>\n\t\t\t\t<\/div>\n\t\t\t\t<div class=\"elementor-element elementor-element-6731385 elementor-widget elementor-widget-text-editor\" data-id=\"6731385\" data-element_type=\"widget\" data-widget_type=\"text-editor.default\">\n\t\t\t\t<div class=\"elementor-widget-container\">\n\t\t\t\t\t\t\t\t\t<p>original Photograph: CarnivorePictures<\/p>\t\t\t\t\t\t\t\t<\/div>\n\t\t\t\t<\/div>\n\t\t\t\t<\/div>\n\t\t\t\t\t<\/div>\n\t\t\t\t<\/div>\n\t\t\t\t<\/div>","protected":false},"excerpt":{"rendered":"<p>LIMINALITY &#8211; rope lounge, kinky playground, community night Saturday, 28. March 2026 19.30 &#8211; 00.00 TwF Studio (131 Dornacherstrasse Basel, BS, 4053 Switzerland) Liminality describes the state of being in between: that threshold space where old roles briefly fall silent and something new can emerge. In anthropology, liminality is considered a moment of heightened awareness, [&hellip;]<\/p>","protected":false},"author":1,"featured_media":0,"parent":0,"menu_order":0,"comment_status":"closed","ping_status":"closed","template":"","meta":{"site-sidebar-layout":"no-sidebar","site-content-layout":"page-builder","ast-site-content-layout":"full-width-container","site-content-style":"unboxed","site-sidebar-style":"unboxed","ast-global-header-display":"","ast-banner-title-visibility":"","ast-main-header-display":"","ast-hfb-above-header-display":"","ast-hfb-below-header-display":"","ast-hfb-mobile-header-display":"","site-post-title":"disabled","ast-breadcrumbs-content":"disabled","ast-featured-img":"disabled","footer-sml-layout":"","theme-transparent-header-meta":"enabled","adv-header-id-meta":"","stick-header-meta":"","header-above-stick-meta":"","header-main-stick-meta":"","header-below-stick-meta":"","astra-migrate-meta-layouts":"set","ast-page-background-enabled":"default","ast-page-background-meta":{"desktop":{"background-color":"","background-image":"","background-repeat":"repeat","background-position":"center center","background-size":"auto","background-attachment":"scroll","background-type":"","background-media":"","overlay-type":"","overlay-color":"","overlay-opacity":"","overlay-gradient":""},"tablet":{"background-color":"","background-image":"","background-repeat":"repeat","background-position":"center center","background-size":"auto","background-attachment":"scroll","background-type":"","background-media":"","overlay-type":"","overlay-color":"","overlay-opacity":"","overlay-gradient":""},"mobile":{"background-color":"","background-image":"","background-repeat":"repeat","background-position":"center center","background-size":"auto","background-attachment":"scroll","background-type":"","background-media":"","overlay-type":"","overlay-color":"","overlay-opacity":"","overlay-gradient":""}},"ast-content-background-meta":{"desktop":{"background-color":"var(--ast-global-color-5)","background-image":"","background-repeat":"repeat","background-position":"center center","background-size":"auto","background-attachment":"scroll","background-type":"","background-media":"","overlay-type":"","overlay-color":"","overlay-opacity":"","overlay-gradient":""},"tablet":{"background-color":"var(--ast-global-color-5)","background-image":"","background-repeat":"repeat","background-position":"center center","background-size":"auto","background-attachment":"scroll","background-type":"","background-media":"","overlay-type":"","overlay-color":"","overlay-opacity":"","overlay-gradient":""},"mobile":{"background-color":"var(--ast-global-color-5)","background-image":"","background-repeat":"repeat","background-position":"center center","background-size":"auto","background-attachment":"scroll","background-type":"","background-media":"","overlay-type":"","overlay-color":"","overlay-opacity":"","overlay-gradient":""}},"footnotes":""},"class_list":["post-1469","page","type-page","status-publish","hentry"],"_links":{"self":[{"href":"https:\/\/annalysee.info\/de\/wp-json\/wp\/v2\/pages\/1469","targetHints":{"allow":["GET"]}}],"collection":[{"href":"https:\/\/annalysee.info\/de\/wp-json\/wp\/v2\/pages"}],"about":[{"href":"https:\/\/annalysee.info\/de\/wp-json\/wp\/v2\/types\/page"}],"author":[{"embeddable":true,"href":"https:\/\/annalysee.info\/de\/wp-json\/wp\/v2\/users\/1"}],"replies":[{"embeddable":true,"href":"https:\/\/annalysee.info\/de\/wp-json\/wp\/v2\/comments?post=1469"}],"version-history":[{"count":0,"href":"https:\/\/annalysee.info\/de\/wp-json\/wp\/v2\/pages\/1469\/revisions"}],"wp:attachment":[{"href":"https:\/\/annalysee.info\/de\/wp-json\/wp\/v2\/media?parent=1469"}],"curies":[{"name":"wp","href":"https:\/\/api.w.org\/{rel}","templated":true}]}}