{"id":394,"date":"2025-08-02T21:05:34","date_gmt":"2025-08-02T19:05:34","guid":{"rendered":"https:\/\/annalysee.info\/biography\/"},"modified":"2026-04-08T14:15:51","modified_gmt":"2026-04-08T12:15:51","slug":"biography","status":"publish","type":"page","link":"https:\/\/annalysee.info\/de\/biography\/","title":{"rendered":"Biography"},"content":{"rendered":"<div data-elementor-type=\"wp-page\" data-elementor-id=\"394\" class=\"elementor elementor-394\">\n\t\t\t\t<div class=\"elementor-element elementor-element-ea58892 e-flex e-con-boxed e-con e-parent\" data-id=\"ea58892\" data-element_type=\"container\">\n\t\t\t\t\t<div class=\"e-con-inner\">\n\t\t<div class=\"elementor-element elementor-element-db15144 e-con-full e-flex e-con e-child\" data-id=\"db15144\" data-element_type=\"container\">\n\t\t\t\t<div class=\"elementor-element elementor-element-2ed3dc3 elementor-widget elementor-widget-heading\" data-id=\"2ed3dc3\" data-element_type=\"widget\" data-widget_type=\"heading.default\">\n\t\t\t\t<div class=\"elementor-widget-container\">\n\t\t\t\t\t<h1 class=\"elementor-heading-title elementor-size-default\">\u00fcber<\/h1>\t\t\t\t<\/div>\n\t\t\t\t<\/div>\n\t\t\t\t<div class=\"elementor-element elementor-element-60767b2 elementor-widget elementor-widget-image\" data-id=\"60767b2\" data-element_type=\"widget\" data-widget_type=\"image.default\">\n\t\t\t\t<div class=\"elementor-widget-container\">\n\t\t\t\t\t\t\t\t\t\t\t\t\t\t\t<img fetchpriority=\"high\" decoding=\"async\" width=\"768\" height=\"1151\" src=\"https:\/\/annalysee.info\/wp-content\/uploads\/2025\/08\/Afsana_0694-768x1151.jpg\" class=\"attachment-medium_large size-medium_large wp-image-959\" alt=\"\" srcset=\"https:\/\/annalysee.info\/wp-content\/uploads\/2025\/08\/Afsana_0694-768x1151.jpg 768w, https:\/\/annalysee.info\/wp-content\/uploads\/2025\/08\/Afsana_0694-200x300.jpg 200w, https:\/\/annalysee.info\/wp-content\/uploads\/2025\/08\/Afsana_0694-684x1024.jpg 684w, https:\/\/annalysee.info\/wp-content\/uploads\/2025\/08\/Afsana_0694-1025x1536.jpg 1025w, https:\/\/annalysee.info\/wp-content\/uploads\/2025\/08\/Afsana_0694-1367x2048.jpg 1367w, https:\/\/annalysee.info\/wp-content\/uploads\/2025\/08\/Afsana_0694.jpg 1600w\" sizes=\"(max-width: 768px) 100vw, 768px\" \/>\t\t\t\t\t\t\t\t\t\t\t\t\t\t\t<\/div>\n\t\t\t\t<\/div>\n\t\t\t\t<div class=\"elementor-element elementor-element-a909cce elementor-widget__width-inherit elementor-widget elementor-widget-text-editor\" data-id=\"a909cce\" data-element_type=\"widget\" data-widget_type=\"text-editor.default\">\n\t\t\t\t<div class=\"elementor-widget-container\">\n\t\t\t\t\t\t\t\t\t<p>Photograph: TasteOfTaboo<\/p>\t\t\t\t\t\t\t\t<\/div>\n\t\t\t\t<\/div>\n\t\t\t\t<div class=\"elementor-element elementor-element-6cef382 elementor-widget elementor-widget-text-editor\" data-id=\"6cef382\" data-element_type=\"widget\" data-widget_type=\"text-editor.default\">\n\t\t\t\t<div class=\"elementor-widget-container\">\n\t\t\t\t\t\t\t\t\t<p>Anna Lysee ist eine treibende Kraft in den Bereichen K\u00f6rperbewusstsein, Sexualit\u00e4t und Community-basierte Bildung. Seit 2016 ist sie die Hauptorganisatorin von EURIX (European Rigger and Model Exchange) \u2013 einer der renommiertesten Veranstaltungen f\u00fcr Seilliebhaber und -experten in Europa. Seit 2022 \u00fcbernimmt sie eine wichtige organisatorische Rolle bei xplore Berlin, einem namhaften Festival, das sich mit den Grenzen von K\u00f6rper, Kunst und Sexualit\u00e4t auseinandersetzt. Im selben Jahr wirkte sie am Institut f\u00fcr K\u00f6rperforschung und sexuelle Kultur (IKSK) mit und ist seit 2024 an der Gestaltung des innovativen Death Festival Berlin beteiligt.<\/p><p>Annas beruflicher Hintergrund liegt in den Bereichen P\u00e4dagogik und Psychologie. Seit 2013 ist sie staatlich gepr\u00fcfte Kinder- und Jugendp\u00e4dagogin und hat umfangreiche praktische Erfahrungen gesammelt \u2013 insbesondere in der Heimpflege \u2013, wobei ihr Schwerpunkt auf der Arbeit mit und innerhalb familien\u00e4hnlicher Strukturen in Bildungseinrichtungen liegt. In den letzten Jahren hat sie ihre akademischen Kenntnisse durch ein Psychologiestudium an der Humboldt-Universit\u00e4t Berlin vertieft. Seit 2022 hat sie au\u00dferdem eine berufliche Ausbildung in Integrativer Traumatherapie und Paar- und Sexualtherapie absolviert und bietet ihren Klienten nuancierte, k\u00f6rperorientierte Ans\u00e4tze f\u00fcr Heilung und Verbindung.<\/p><p>In der Welt des Shibari ist Anna sowohl als Model als auch als Riggerin t\u00e4tig, wobei ihre Erfahrung bis ins Jahr 2014 zur\u00fcckreicht. Seit 2015 unterrichtet sie gemeinsam mit anderen und seit 2018 leitet sie eigene Kurse. Ihr Ansatz geht \u00fcber die blo\u00dfe Technik hinaus: Sie l\u00e4dt die Teilnehmer dazu ein, die zwischenmenschlichen, intrapersonalen und kreativen Dimensionen von Seilen (und Kink) zu erkunden \u2013 und schafft so Raum f\u00fcr Neugier, Tiefe und echte Verbindung. Au\u00dferdem bietet sie individuelle Seilsessions an, die auf die Bed\u00fcrfnisse und W\u00fcnsche jeder einzelnen Person zugeschnitten sind.<\/p><p>Als Coach bietet Anna Einzelcoachings an, die sich auf pers\u00f6nliches Wachstum, die Integration von Traumata und die ganzheitliche Vereinigung von K\u00f6rper, Geist und Sexualit\u00e4t konzentrieren. Ob sie jemanden bei einer Lebensver\u00e4nderung begleitet oder Raum f\u00fcr tiefere emotionale Arbeit schafft, ihre Pr\u00e4senz ist geerdet, einf\u00fchlsam und transformativ.<\/p><p>Anna Lysee vereint auf einzigartige Weise Herzlichkeit, Professionalit\u00e4t und gelebte Kompetenz. Ob auf der B\u00fchne, in einem Workshop oder in einer intimen Session \u2013 sie schafft R\u00e4ume, in denen Ver\u00e4nderung nicht nur m\u00f6glich, sondern unvermeidlich ist.<\/p>\t\t\t\t\t\t\t\t<\/div>\n\t\t\t\t<\/div>\n\t\t<div class=\"elementor-element elementor-element-3ea448e e-con-full e-flex e-con e-child\" data-id=\"3ea448e\" data-element_type=\"container\">\n\t\t<div class=\"elementor-element elementor-element-bd60ffc e-con-full e-flex e-con e-child\" data-id=\"bd60ffc\" data-element_type=\"container\">\n\t\t\t\t<div class=\"elementor-element elementor-element-8d43e15 elementor-widget elementor-widget-image-box\" data-id=\"8d43e15\" data-element_type=\"widget\" data-widget_type=\"image-box.default\">\n\t\t\t\t<div class=\"elementor-widget-container\">\n\t\t\t\t\t<div class=\"elementor-image-box-wrapper\"><div class=\"elementor-image-box-content\"><h3 class=\"elementor-image-box-title\">Auswahl an Performance-Kunst (nicht vollst\u00e4ndig)<\/h3><p class=\"elementor-image-box-description\">Anatomie Studio (London, 2015 &amp; 2017)\n<br\/> MoscowKnots (Moskau, 2016)\n<br\/> Erika Lust: Xconfessions OpenAir (Berlin, 2017)\n<br\/> Shibarink @ Echos (London, 2018)\n<br\/> Performance-Abende @ IKSK (Berlin, 2021-2025)\n<br\/> Shivers \u2013 A Halloween Immersive @ Daruma (Berlin, 2025)<\/p><\/div><\/div>\t\t\t\t<\/div>\n\t\t\t\t<\/div>\n\t\t\t\t<div class=\"elementor-element elementor-element-29165a5 elementor-widget elementor-widget-image-box\" data-id=\"29165a5\" data-element_type=\"widget\" data-widget_type=\"image-box.default\">\n\t\t\t\t<div class=\"elementor-widget-container\">\n\t\t\t\t\t<div class=\"elementor-image-box-wrapper\"><div class=\"elementor-image-box-content\"><h3 class=\"elementor-image-box-title\">Auswahl angebotener Workshops (nicht vollst\u00e4ndig)<\/h3><p class=\"elementor-image-box-description\">\"FEAR\" (Leeds, 2018)\n<br\/> \"ONE ROPE IDEAS\" (Leipzig, 2020)\n<br\/> \"ROPE TANGLE - CRASH COURSE INTO SUSPENSIONS\" (Berlin, 2022)\n<br\/> \"MINDFULL -  LEARNING, SHARING, ENCOUNTERING, UNDERSTANDING\" (Berlin, 2023) \n<br\/> \"ABSOLUTE BEGINNER COURSE EURIX\" (Berlin, 2023 &amp; 2025)<\/p><\/div><\/div>\t\t\t\t<\/div>\n\t\t\t\t<\/div>\n\t\t\t\t<div class=\"elementor-element elementor-element-9666da6 elementor-widget elementor-widget-image-box\" data-id=\"9666da6\" data-element_type=\"widget\" data-widget_type=\"image-box.default\">\n\t\t\t\t<div class=\"elementor-widget-container\">\n\t\t\t\t\t<div class=\"elementor-image-box-wrapper\"><div class=\"elementor-image-box-content\"><h3 class=\"elementor-image-box-title\">Auswahl an Mediea-Auftritten (nicht vollst\u00e4ndig)<\/h3><p class=\"elementor-image-box-description\">Le Suppl\u00e9ment Interdit - Canal+ (2016)\n<br\/> Mein Film mit Andrei - Ayoto Ataraxia (2021)\n<br\/> Switching &amp; Edge Play - PURE kink Dokumentation (2022)\n<br\/> F*CK Berlin - Arte (2023)<\/p><\/div><\/div>\t\t\t\t<\/div>\n\t\t\t\t<\/div>\n\t\t\t\t<\/div>\n\t\t\t\t<\/div>\n\t\t\t\t<\/div>\n\t\t\t\t\t<\/div>\n\t\t\t\t<\/div>\n\t\t<div class=\"elementor-element elementor-element-af92336 e-con-full e-flex e-con e-parent\" data-id=\"af92336\" data-element_type=\"container\">\n\t\t<div class=\"elementor-element elementor-element-5489be1 e-con-full e-flex e-con e-child\" data-id=\"5489be1\" data-element_type=\"container\">\n\t\t\t\t<div class=\"elementor-element elementor-element-b48c0c9 elementor-widget elementor-widget-image\" data-id=\"b48c0c9\" data-element_type=\"widget\" data-widget_type=\"image.default\">\n\t\t\t\t<div class=\"elementor-widget-container\">\n\t\t\t\t\t\t\t\t\t\t\t\t<figure class=\"wp-caption\">\n\t\t\t\t\t\t\t\t\t\t<img decoding=\"async\" width=\"2048\" height=\"1365\" src=\"https:\/\/annalysee.info\/wp-content\/uploads\/2025\/08\/20424338_1600555299975354_7402402579978915408_o.jpg\" class=\"attachment-full size-full wp-image-961\" alt=\"\" srcset=\"https:\/\/annalysee.info\/wp-content\/uploads\/2025\/08\/20424338_1600555299975354_7402402579978915408_o.jpg 2048w, https:\/\/annalysee.info\/wp-content\/uploads\/2025\/08\/20424338_1600555299975354_7402402579978915408_o-300x200.jpg 300w, https:\/\/annalysee.info\/wp-content\/uploads\/2025\/08\/20424338_1600555299975354_7402402579978915408_o-1024x683.jpg 1024w, https:\/\/annalysee.info\/wp-content\/uploads\/2025\/08\/20424338_1600555299975354_7402402579978915408_o-768x512.jpg 768w, https:\/\/annalysee.info\/wp-content\/uploads\/2025\/08\/20424338_1600555299975354_7402402579978915408_o-1536x1024.jpg 1536w\" sizes=\"(max-width: 2048px) 100vw, 2048px\" \/>\t\t\t\t\t\t\t\t\t\t\t<figcaption class=\"widget-image-caption wp-caption-text\">Photograph: XConfessions, Model: Vidad\u00f6d<\/figcaption>\n\t\t\t\t\t\t\t\t\t\t<\/figure>\n\t\t\t\t\t\t\t\t\t<\/div>\n\t\t\t\t<\/div>\n\t\t\t\t<\/div>\n\t\t<div class=\"elementor-element elementor-element-bef33eb e-con-full e-flex e-con e-child\" data-id=\"bef33eb\" data-element_type=\"container\">\n\t\t\t\t<div class=\"elementor-element elementor-element-115b9c3 elementor-widget elementor-widget-image\" data-id=\"115b9c3\" data-element_type=\"widget\" data-widget_type=\"image.default\">\n\t\t\t\t<div class=\"elementor-widget-container\">\n\t\t\t\t\t\t\t\t\t\t\t\t<figure class=\"wp-caption\">\n\t\t\t\t\t\t\t\t\t\t<img decoding=\"async\" width=\"1702\" height=\"2560\" src=\"https:\/\/annalysee.info\/wp-content\/uploads\/2025\/08\/DSC_1591-scaled.jpg\" class=\"attachment-full size-full wp-image-960\" alt=\"\" srcset=\"https:\/\/annalysee.info\/wp-content\/uploads\/2025\/08\/DSC_1591-scaled.jpg 1702w, https:\/\/annalysee.info\/wp-content\/uploads\/2025\/08\/DSC_1591-199x300.jpg 199w, https:\/\/annalysee.info\/wp-content\/uploads\/2025\/08\/DSC_1591-681x1024.jpg 681w, https:\/\/annalysee.info\/wp-content\/uploads\/2025\/08\/DSC_1591-768x1155.jpg 768w, https:\/\/annalysee.info\/wp-content\/uploads\/2025\/08\/DSC_1591-1021x1536.jpg 1021w, https:\/\/annalysee.info\/wp-content\/uploads\/2025\/08\/DSC_1591-1362x2048.jpg 1362w\" sizes=\"(max-width: 1702px) 100vw, 1702px\" \/>\t\t\t\t\t\t\t\t\t\t\t<figcaption class=\"widget-image-caption wp-caption-text\">Photograph: Matangui, Model: M.<\/figcaption>\n\t\t\t\t\t\t\t\t\t\t<\/figure>\n\t\t\t\t\t\t\t\t\t<\/div>\n\t\t\t\t<\/div>\n\t\t\t\t<\/div>\n\t\t<div class=\"elementor-element elementor-element-3c9d472 e-con-full e-flex e-con e-child\" data-id=\"3c9d472\" data-element_type=\"container\">\n\t\t\t\t<div class=\"elementor-element elementor-element-9145c37 elementor-widget elementor-widget-image\" data-id=\"9145c37\" data-element_type=\"widget\" data-widget_type=\"image.default\">\n\t\t\t\t<div class=\"elementor-widget-container\">\n\t\t\t\t\t\t\t\t\t\t\t\t<figure class=\"wp-caption\">\n\t\t\t\t\t\t\t\t\t\t<img loading=\"lazy\" decoding=\"async\" width=\"1280\" height=\"853\" src=\"https:\/\/annalysee.info\/wp-content\/uploads\/2025\/08\/photo_5305316601463171824_y.jpg\" class=\"attachment-full size-full wp-image-962\" alt=\"\" srcset=\"https:\/\/annalysee.info\/wp-content\/uploads\/2025\/08\/photo_5305316601463171824_y.jpg 1280w, https:\/\/annalysee.info\/wp-content\/uploads\/2025\/08\/photo_5305316601463171824_y-300x200.jpg 300w, https:\/\/annalysee.info\/wp-content\/uploads\/2025\/08\/photo_5305316601463171824_y-1024x682.jpg 1024w, https:\/\/annalysee.info\/wp-content\/uploads\/2025\/08\/photo_5305316601463171824_y-768x512.jpg 768w\" sizes=\"(max-width: 1280px) 100vw, 1280px\" \/>\t\t\t\t\t\t\t\t\t\t\t<figcaption class=\"widget-image-caption wp-caption-text\">Photograph: CarnivorePictures, Model: N.<\/figcaption>\n\t\t\t\t\t\t\t\t\t\t<\/figure>\n\t\t\t\t\t\t\t\t\t<\/div>\n\t\t\t\t<\/div>\n\t\t\t\t<\/div>\n\t\t<div class=\"elementor-element elementor-element-470973d e-con-full e-flex e-con e-child\" data-id=\"470973d\" data-element_type=\"container\">\n\t\t\t\t<div class=\"elementor-element elementor-element-a403bce elementor-widget elementor-widget-image\" data-id=\"a403bce\" data-element_type=\"widget\" data-widget_type=\"image.default\">\n\t\t\t\t<div class=\"elementor-widget-container\">\n\t\t\t\t\t\t\t\t\t\t\t\t<figure class=\"wp-caption\">\n\t\t\t\t\t\t\t\t\t\t<img loading=\"lazy\" decoding=\"async\" width=\"912\" height=\"1223\" src=\"https:\/\/annalysee.info\/wp-content\/uploads\/2025\/08\/photo_5224318998638885750_y.jpg\" class=\"attachment-full size-full wp-image-964\" alt=\"\" srcset=\"https:\/\/annalysee.info\/wp-content\/uploads\/2025\/08\/photo_5224318998638885750_y.jpg 912w, https:\/\/annalysee.info\/wp-content\/uploads\/2025\/08\/photo_5224318998638885750_y-224x300.jpg 224w, https:\/\/annalysee.info\/wp-content\/uploads\/2025\/08\/photo_5224318998638885750_y-764x1024.jpg 764w, https:\/\/annalysee.info\/wp-content\/uploads\/2025\/08\/photo_5224318998638885750_y-768x1030.jpg 768w\" sizes=\"(max-width: 912px) 100vw, 912px\" \/>\t\t\t\t\t\t\t\t\t\t\t<figcaption class=\"widget-image-caption wp-caption-text\">Photograph: J., Model: L.<\/figcaption>\n\t\t\t\t\t\t\t\t\t\t<\/figure>\n\t\t\t\t\t\t\t\t\t<\/div>\n\t\t\t\t<\/div>\n\t\t\t\t<\/div>\n\t\t<div class=\"elementor-element elementor-element-8ae8f3c e-con-full e-flex e-con e-child\" data-id=\"8ae8f3c\" data-element_type=\"container\">\n\t\t\t\t<div class=\"elementor-element elementor-element-1664435 elementor-widget elementor-widget-image\" data-id=\"1664435\" data-element_type=\"widget\" data-widget_type=\"image.default\">\n\t\t\t\t<div class=\"elementor-widget-container\">\n\t\t\t\t\t\t\t\t\t\t\t\t<figure class=\"wp-caption\">\n\t\t\t\t\t\t\t\t\t\t<img loading=\"lazy\" decoding=\"async\" width=\"2560\" height=\"1707\" src=\"https:\/\/annalysee.info\/wp-content\/uploads\/2025\/08\/MG_9467-2-scaled.jpg\" class=\"attachment-full size-full wp-image-963\" alt=\"\" srcset=\"https:\/\/annalysee.info\/wp-content\/uploads\/2025\/08\/MG_9467-2-scaled.jpg 2560w, https:\/\/annalysee.info\/wp-content\/uploads\/2025\/08\/MG_9467-2-300x200.jpg 300w, https:\/\/annalysee.info\/wp-content\/uploads\/2025\/08\/MG_9467-2-1024x683.jpg 1024w, https:\/\/annalysee.info\/wp-content\/uploads\/2025\/08\/MG_9467-2-768x512.jpg 768w, https:\/\/annalysee.info\/wp-content\/uploads\/2025\/08\/MG_9467-2-1536x1024.jpg 1536w, https:\/\/annalysee.info\/wp-content\/uploads\/2025\/08\/MG_9467-2-2048x1365.jpg 2048w\" sizes=\"(max-width: 2560px) 100vw, 2560px\" \/>\t\t\t\t\t\t\t\t\t\t\t<figcaption class=\"widget-image-caption wp-caption-text\">Photograph: Scarlot Rose, Model: M.<\/figcaption>\n\t\t\t\t\t\t\t\t\t\t<\/figure>\n\t\t\t\t\t\t\t\t\t<\/div>\n\t\t\t\t<\/div>\n\t\t\t\t<\/div>\n\t\t\t\t<\/div>\n\t\t\t\t<\/div>","protected":false},"excerpt":{"rendered":"<p>about photographer: TasteOfTaboo Anna Lysee is a dynamic force in the fields of embodiment, sexuality, and community-based education. Since 2016, she has been the lead organiser of EURIX (European Rigger and Model Exchange)\u2014one of the most respected gatherings for rope enthusiasts and professionals in Europe. In 2022, she took on a key organisational role in [&hellip;]<\/p>","protected":false},"author":1,"featured_media":0,"parent":0,"menu_order":0,"comment_status":"closed","ping_status":"closed","template":"","meta":{"site-sidebar-layout":"no-sidebar","site-content-layout":"page-builder","ast-site-content-layout":"default","site-content-style":"default","site-sidebar-style":"default","ast-global-header-display":"","ast-banner-title-visibility":"","ast-main-header-display":"","ast-hfb-above-header-display":"","ast-hfb-below-header-display":"","ast-hfb-mobile-header-display":"","site-post-title":"disabled","ast-breadcrumbs-content":"disabled","ast-featured-img":"disabled","footer-sml-layout":"","theme-transparent-header-meta":"enabled","adv-header-id-meta":"","stick-header-meta":"","header-above-stick-meta":"","header-main-stick-meta":"","header-below-stick-meta":"","astra-migrate-meta-layouts":"default","ast-page-background-enabled":"default","ast-page-background-meta":{"desktop":{"background-color":"","background-image":"","background-repeat":"repeat","background-position":"center center","background-size":"auto","background-attachment":"scroll","background-type":"","background-media":"","overlay-type":"","overlay-color":"","overlay-opacity":"","overlay-gradient":""},"tablet":{"background-color":"","background-image":"","background-repeat":"repeat","background-position":"center center","background-size":"auto","background-attachment":"scroll","background-type":"","background-media":"","overlay-type":"","overlay-color":"","overlay-opacity":"","overlay-gradient":""},"mobile":{"background-color":"","background-image":"","background-repeat":"repeat","background-position":"center center","background-size":"auto","background-attachment":"scroll","background-type":"","background-media":"","overlay-type":"","overlay-color":"","overlay-opacity":"","overlay-gradient":""}},"ast-content-background-meta":{"desktop":{"background-color":"var(--ast-global-color-5)","background-image":"","background-repeat":"repeat","background-position":"center center","background-size":"auto","background-attachment":"scroll","background-type":"","background-media":"","overlay-type":"","overlay-color":"","overlay-opacity":"","overlay-gradient":""},"tablet":{"background-color":"var(--ast-global-color-5)","background-image":"","background-repeat":"repeat","background-position":"center center","background-size":"auto","background-attachment":"scroll","background-type":"","background-media":"","overlay-type":"","overlay-color":"","overlay-opacity":"","overlay-gradient":""},"mobile":{"background-color":"var(--ast-global-color-5)","background-image":"","background-repeat":"repeat","background-position":"center center","background-size":"auto","background-attachment":"scroll","background-type":"","background-media":"","overlay-type":"","overlay-color":"","overlay-opacity":"","overlay-gradient":""}},"footnotes":""},"class_list":["post-394","page","type-page","status-publish","hentry"],"_links":{"self":[{"href":"https:\/\/annalysee.info\/de\/wp-json\/wp\/v2\/pages\/394","targetHints":{"allow":["GET"]}}],"collection":[{"href":"https:\/\/annalysee.info\/de\/wp-json\/wp\/v2\/pages"}],"about":[{"href":"https:\/\/annalysee.info\/de\/wp-json\/wp\/v2\/types\/page"}],"author":[{"embeddable":true,"href":"https:\/\/annalysee.info\/de\/wp-json\/wp\/v2\/users\/1"}],"replies":[{"embeddable":true,"href":"https:\/\/annalysee.info\/de\/wp-json\/wp\/v2\/comments?post=394"}],"version-history":[{"count":0,"href":"https:\/\/annalysee.info\/de\/wp-json\/wp\/v2\/pages\/394\/revisions"}],"wp:attachment":[{"href":"https:\/\/annalysee.info\/de\/wp-json\/wp\/v2\/media?parent=394"}],"curies":[{"name":"wp","href":"https:\/\/api.w.org\/{rel}","templated":true}]}}