{"id":992,"date":"2025-08-04T21:21:52","date_gmt":"2025-08-04T19:21:52","guid":{"rendered":"https:\/\/annalysee.info\/?page_id=992"},"modified":"2025-08-06T17:06:30","modified_gmt":"2025-08-06T15:06:30","slug":"sessions","status":"publish","type":"page","link":"https:\/\/annalysee.info\/de\/sessions\/","title":{"rendered":"Sessions"},"content":{"rendered":"<div data-elementor-type=\"wp-page\" data-elementor-id=\"992\" class=\"elementor elementor-992\">\n\t\t\t\t<div class=\"elementor-element elementor-element-1bf305f e-con-full e-flex e-con e-parent\" data-id=\"1bf305f\" data-element_type=\"container\">\n\t\t<div class=\"elementor-element elementor-element-7a2e5a7 e-con-full e-flex e-con e-child\" data-id=\"7a2e5a7\" data-element_type=\"container\">\n\t\t\t\t<div class=\"elementor-element elementor-element-eb61e11 elementor-widget elementor-widget-heading\" data-id=\"eb61e11\" data-element_type=\"widget\" data-widget_type=\"heading.default\">\n\t\t\t\t<div class=\"elementor-widget-container\">\n\t\t\t\t\t<h1 class=\"elementor-heading-title elementor-size-default\">Sessions<\/h1>\t\t\t\t<\/div>\n\t\t\t\t<\/div>\n\t\t\t\t<div class=\"elementor-element elementor-element-53252d7 elementor-widget elementor-widget-image\" data-id=\"53252d7\" data-element_type=\"widget\" data-widget_type=\"image.default\">\n\t\t\t\t<div class=\"elementor-widget-container\">\n\t\t\t\t\t\t\t\t\t\t\t\t\t\t\t<img fetchpriority=\"high\" decoding=\"async\" width=\"768\" height=\"1229\" src=\"https:\/\/annalysee.info\/wp-content\/uploads\/2025\/08\/blur_peitsche-Photoroom-768x1229.jpg\" class=\"attachment-medium_large size-medium_large wp-image-1042\" alt=\"\" srcset=\"https:\/\/annalysee.info\/wp-content\/uploads\/2025\/08\/blur_peitsche-Photoroom-768x1229.jpg 768w, https:\/\/annalysee.info\/wp-content\/uploads\/2025\/08\/blur_peitsche-Photoroom-188x300.jpg 188w, https:\/\/annalysee.info\/wp-content\/uploads\/2025\/08\/blur_peitsche-Photoroom-640x1024.jpg 640w, https:\/\/annalysee.info\/wp-content\/uploads\/2025\/08\/blur_peitsche-Photoroom-960x1536.jpg 960w, https:\/\/annalysee.info\/wp-content\/uploads\/2025\/08\/blur_peitsche-Photoroom-1280x2048.jpg 1280w, https:\/\/annalysee.info\/wp-content\/uploads\/2025\/08\/blur_peitsche-Photoroom-scaled.jpg 1600w\" sizes=\"(max-width: 768px) 100vw, 768px\" \/>\t\t\t\t\t\t\t\t\t\t\t\t\t\t\t<\/div>\n\t\t\t\t<\/div>\n\t\t\t\t<div class=\"elementor-element elementor-element-299c314 elementor-widget elementor-widget-text-editor\" data-id=\"299c314\" data-element_type=\"widget\" data-widget_type=\"text-editor.default\">\n\t\t\t\t<div class=\"elementor-widget-container\">\n\t\t\t\t\t\t\t\t\t<p>Photograph: TasteOfTaboo<\/p>\t\t\t\t\t\t\t\t<\/div>\n\t\t\t\t<\/div>\n\t\t\t\t<div class=\"elementor-element elementor-element-161e8dc elementor-widget elementor-widget-text-editor\" data-id=\"161e8dc\" data-element_type=\"widget\" data-widget_type=\"text-editor.default\">\n\t\t\t\t<div class=\"elementor-widget-container\">\n\t\t\t\t\t\t\t\t\t<p data-start=\"113\" data-end=\"517\">Du bist neugierig darauf, intime Erfahrungen auf sichere und bewusste Weise zu erforschen, aber vielleicht hast du noch nicht den richtigen Rahmen, die richtige Person oder den richtigen Ansatz gefunden? Ganz gleich, ob du dich zu Shibari\/BDSM als Weg zur Selbstfindung und Transformation hingezogen f\u00fchlst oder einfach als eine tief greifende Erfahrung, die sich nach deinen Sehns\u00fcchten richtet \u2013 ich biete dir Sessions an, die darauf ausgerichtet sind, dir mit Klarheit, Pr\u00e4senz und Achtsamkeit zu begegnen.<\/p><p data-start=\"519\" data-end=\"896\">In unserer gemeinsamen Zeit arbeiten wir mit deinen Intentionen, Grenzen und deiner emotionalen Landschaft, um gemeinsam eine Erfahrung zu schaffen, die nicht nur intensiv oder angenehm ist, sondern auch bedeutungsvoll, geerdet und st\u00e4rkend. Themen k\u00f6nnen Dominanz und Unterwerfung, Katharsis, Verspieltheit, Angst, Scham oder emotionale Befreiung sein \u2013 immer innerhalb eines sorgf\u00e4ltig gehaltenen und auf Zustimmung basierenden Rahmens.<\/p><p data-start=\"898\" data-end=\"1264\">Jede Session beinhaltet ein ausf\u00fchrliches Gespr\u00e4ch vor der Session, in dem wir deine Bed\u00fcrfnisse, Grenzen und Interessen erkunden. Gemeinsam entwickeln wir ein gemeinsames Verst\u00e4ndnis, das Sicherheit, Kommunikation und gegenseitigen Respekt in den Mittelpunkt stellt. Nachsorge und Integration sind Teil des Prozesses, und auf Wunsch biete ich fortlaufendes Coaching an, um das, was sich offenbart, weiter zu erforschen und zu reflektieren.<\/p><p data-start=\"1266\" data-end=\"1434\" data-is-last-node=\"\" data-is-only-node=\"\">Dies ist eine Einladung, dich selbst durch Empfindungen, Verbindung und emotionale Wahrheit in einem Raum zu begegnen, in dem alle Teile von dir willkommen sind.<\/p>\t\t\t\t\t\t\t\t<\/div>\n\t\t\t\t<\/div>\n\t\t\t\t<div class=\"elementor-element elementor-element-dc5f202 elementor-widget elementor-widget-button\" data-id=\"dc5f202\" data-element_type=\"widget\" data-widget_type=\"button.default\">\n\t\t\t\t<div class=\"elementor-widget-container\">\n\t\t\t\t\t\t\t\t\t<div class=\"elementor-button-wrapper\">\n\t\t\t\t\t<a class=\"elementor-button elementor-button-link elementor-size-sm\" href=\"https:\/\/annalysee.info\/contact\/\">\n\t\t\t\t\t\t<span class=\"elementor-button-content-wrapper\">\n\t\t\t\t\t\t\t\t\t<span class=\"elementor-button-text\">Hier klicken, um eine Session zu buchen und\/oder \u00fcber Preise zu sprechen!<\/span>\n\t\t\t\t\t<\/span>\n\t\t\t\t\t<\/a>\n\t\t\t\t<\/div>\n\t\t\t\t\t\t\t\t<\/div>\n\t\t\t\t<\/div>\n\t\t\t\t<\/div>\n\t\t\t\t<\/div>\n\t\t\t\t<\/div>","protected":false},"excerpt":{"rendered":"<p>sessions photographer: TasteOfTaboo You&#8217;re curious to explore intimate experiences in a safe and intentional way, but maybe you haven\u2019t yet found the right setting, the right person, or the right approach? Whether you&#8217;re drawn to Shibari\/BDSM as a path towards self-discovery and transformation, or simply as a deeply felt experience shaped around your desires, I [&hellip;]<\/p>","protected":false},"author":1,"featured_media":0,"parent":0,"menu_order":0,"comment_status":"closed","ping_status":"closed","template":"","meta":{"site-sidebar-layout":"no-sidebar","site-content-layout":"page-builder","ast-site-content-layout":"full-width-container","site-content-style":"unboxed","site-sidebar-style":"unboxed","ast-global-header-display":"","ast-banner-title-visibility":"","ast-main-header-display":"","ast-hfb-above-header-display":"","ast-hfb-below-header-display":"","ast-hfb-mobile-header-display":"","site-post-title":"disabled","ast-breadcrumbs-content":"disabled","ast-featured-img":"disabled","footer-sml-layout":"","theme-transparent-header-meta":"enabled","adv-header-id-meta":"","stick-header-meta":"","header-above-stick-meta":"","header-main-stick-meta":"","header-below-stick-meta":"","astra-migrate-meta-layouts":"set","ast-page-background-enabled":"default","ast-page-background-meta":{"desktop":{"background-color":"","background-image":"","background-repeat":"repeat","background-position":"center center","background-size":"auto","background-attachment":"scroll","background-type":"","background-media":"","overlay-type":"","overlay-color":"","overlay-opacity":"","overlay-gradient":""},"tablet":{"background-color":"","background-image":"","background-repeat":"repeat","background-position":"center center","background-size":"auto","background-attachment":"scroll","background-type":"","background-media":"","overlay-type":"","overlay-color":"","overlay-opacity":"","overlay-gradient":""},"mobile":{"background-color":"","background-image":"","background-repeat":"repeat","background-position":"center center","background-size":"auto","background-attachment":"scroll","background-type":"","background-media":"","overlay-type":"","overlay-color":"","overlay-opacity":"","overlay-gradient":""}},"ast-content-background-meta":{"desktop":{"background-color":"var(--ast-global-color-5)","background-image":"","background-repeat":"repeat","background-position":"center center","background-size":"auto","background-attachment":"scroll","background-type":"","background-media":"","overlay-type":"","overlay-color":"","overlay-opacity":"","overlay-gradient":""},"tablet":{"background-color":"var(--ast-global-color-5)","background-image":"","background-repeat":"repeat","background-position":"center center","background-size":"auto","background-attachment":"scroll","background-type":"","background-media":"","overlay-type":"","overlay-color":"","overlay-opacity":"","overlay-gradient":""},"mobile":{"background-color":"var(--ast-global-color-5)","background-image":"","background-repeat":"repeat","background-position":"center center","background-size":"auto","background-attachment":"scroll","background-type":"","background-media":"","overlay-type":"","overlay-color":"","overlay-opacity":"","overlay-gradient":""}},"footnotes":""},"class_list":["post-992","page","type-page","status-publish","hentry"],"_links":{"self":[{"href":"https:\/\/annalysee.info\/de\/wp-json\/wp\/v2\/pages\/992","targetHints":{"allow":["GET"]}}],"collection":[{"href":"https:\/\/annalysee.info\/de\/wp-json\/wp\/v2\/pages"}],"about":[{"href":"https:\/\/annalysee.info\/de\/wp-json\/wp\/v2\/types\/page"}],"author":[{"embeddable":true,"href":"https:\/\/annalysee.info\/de\/wp-json\/wp\/v2\/users\/1"}],"replies":[{"embeddable":true,"href":"https:\/\/annalysee.info\/de\/wp-json\/wp\/v2\/comments?post=992"}],"version-history":[{"count":0,"href":"https:\/\/annalysee.info\/de\/wp-json\/wp\/v2\/pages\/992\/revisions"}],"wp:attachment":[{"href":"https:\/\/annalysee.info\/de\/wp-json\/wp\/v2\/media?parent=992"}],"curies":[{"name":"wp","href":"https:\/\/api.w.org\/{rel}","templated":true}]}}